{"id":14195,"date":"2022-08-23T19:00:46","date_gmt":"2022-08-23T17:00:46","guid":{"rendered":"https:\/\/vrp-machines.com\/vrp-gruppe\/"},"modified":"2022-09-29T16:54:06","modified_gmt":"2022-09-29T14:54:06","slug":"vrp-gruppe","status":"publish","type":"page","link":"https:\/\/vrp-machines.com\/de\/vrp-gruppe\/","title":{"rendered":"VRP Gruppe"},"content":{"rendered":"<div class=\"vc_row wpb_row vc_row-fluid\"><div class=\"wpb_column vc_column_container vc_col-md-12\"><div class=\"vc_column-inner\"><div class=\"wpb_wrapper\"><div class=\"vc_empty_space\"   style=\"height: 32px\"><span class=\"vc_empty_space_inner\"><\/span><\/div><h2 style=\"text-align: left\" class=\"vc_custom_heading title\" >VRP\/MBA-Machines <\/h2><div class=\"vc_empty_space\"   style=\"height: 20px\"><span class=\"vc_empty_space_inner\"><\/span><\/div><div class=\"vc_row wpb_row vc_inner vc_row-fluid vc_rtl-columns-reverse\"><div class=\"wpb_column vc_column_container vc_col-md-6\"><div class=\"vc_column-inner\"><div class=\"wpb_wrapper\">\n\t<div class=\"wpb_text_column wpb_content_element \" >\n\t\t<div class=\"wpb_wrapper\">\n\t\t\t<p style=\"text-align: justify;\">VRP\/MBA-Machines ist ein Schweizer Unternehmen mit langj\u00e4hriger Erfahrung und anerkanntem Know-how im Vertrieb von Neu- und Gebrauchtmaschinen, kombiniert mit einer breiten Palette von Dienstleistungen, die das gesamte Spektrum abdecken \u2013 von Beratung und Service \u00fcber Reparaturen aller Marken bis hin zur Herstellung und Revision von Hydraulikzylindern und der Pannenhilfe bei hydraulischen und mechanischen St\u00f6rungen.<\/p>\n<p style=\"text-align: justify;\">VRP\/MBA-Machines ist Exklusivimporteur der Marke CASE f\u00fcr die Schweiz, Exklusivimporteur der Marke KAISER f\u00fcr Zweiwegetechnik in der Schweiz, Exklusivimporteur von Dumper f\u00fcr die Schweiz und Liechtenstein. Dar\u00fcber hinaus geh\u00f6ren die Konstruktion von Maschinen f\u00fcr den Einsatz auf Schienen, der Verkauf von Husqvarna Verdichtungsmaschinen ebenfalls zum Produkt- und Dienstleistungsangebot von VRP\/MBA-Machines.<\/p>\n<p style=\"text-align: justify;\">Auf dieser Website entdecken Sie das gesamte Leistungsspektrum in den Diensten unserer Kunden.<\/p>\n<p style=\"text-align: justify;\">Viel Spass beim Navigieren! Wir freuen uns auf Ihre Anfrage.<\/p>\n<p style=\"text-align: justify;\">Ihr Team bei VRP\/MBA-Machines<\/p>\n\n\t\t<\/div>\n\t<\/div>\n<\/div><\/div><\/div><div class=\"wpb_column vc_column_container vc_col-md-6\"><div class=\"vc_column-inner\"><div class=\"wpb_wrapper\">\n\t<div  class=\"wpb_single_image wpb_content_element vc_align_left\">\n\t\t\n\t\t<figure class=\"wpb_wrapper vc_figure\">\n\t\t\t<div class=\"vc_single_image-wrapper   vc_box_border_grey\"><img decoding=\"async\" width=\"590\" height=\"394\" src=\"https:\/\/vrp-machines.com\/new\/wp-content\/uploads\/2021\/04\/visuel01_590x394px.jpg\" class=\"vc_single_image-img attachment-full\" alt=\"\" title=\"visuel01_590x394px\" srcset=\"https:\/\/vrp-machines.com\/new\/wp-content\/uploads\/2021\/04\/visuel01_590x394px.jpg 590w, https:\/\/vrp-machines.com\/new\/wp-content\/uploads\/2021\/04\/visuel01_590x394px-300x200.jpg 300w\" sizes=\"(max-width: 590px) 100vw, 590px\" \/><\/div>\n\t\t<\/figure>\n\t<\/div>\n<\/div><\/div><\/div><\/div><div class=\"panel-group panel-icon-plus panel-icon-align-left panel-shape-rounded\" id=\"accordion-0\" role=\"tablist\" aria-multiselectable=\"true\"><div class=\"panel\" style=\"\"><div class=\"panel-heading\" role=\"tab\" id=\"acc-heading-1659952636051-b72be563-7f08\"><h4 class=\"panel-title text-left small-margin\"><a data-parent=\"#accordion-0\" class=\" collapsed\" role=\"button\" data-toggle=\"collapse\" href=\"#acc-1659952636051-b72be563-7f08\" aria-expanded=\"true\" aria-controls=\"acc-1659952636051-b72be563-7f08\"><span>Geschichte und Gesch\u00e4ftsleitung <\/span><\/a><\/h4><\/div><div id=\"acc-1659952636051-b72be563-7f08\" class=\"panel-collapse collapse\" role=\"tabpanel\" aria-labelledby=\"acc-heading-1659952636051-b72be563-7f08\"><div class=\"panel-body\"><h2 style=\"text-align: left\" class=\"vc_custom_heading title\" >Geschichte und Gesch\u00e4ftsleitung <\/h2><div class=\"vc_empty_space\"   style=\"height: 20px\"><span class=\"vc_empty_space_inner\"><\/span><\/div><div class=\"vc_row wpb_row vc_inner vc_row-fluid\"><div class=\"wpb_column vc_column_container vc_col-md-6\"><div class=\"vc_column-inner\"><div class=\"wpb_wrapper\">\n\t<div class=\"wpb_text_column wpb_content_element \" >\n\t\t<div class=\"wpb_wrapper\">\n\t\t\t<p style=\"font-weight: 400;\">Die Geschichte von VRP\/MBA-Machines ist in erster Linie die Geschichte der Gr\u00fcnder \u2013 Ren\u00e9 und seine Frau Patricia Vuagniaux. Beide sind dynamische Unternehmer, die ihr Gesch\u00e4ft von der Pike auf gelernt und mit einer starken Kultur der Dienstleistung und der Kundenzufriedenheit ausgestattet haben, die auf Kompetenz, Engagement, Treue und Respekt f\u00fcr die M\u00e4nner und Frauen, die mit ihnen im Unternehmen zusammenarbeiten, beruht.<\/p>\n<p style=\"font-weight: 400;\">Die Wurzeln reichen bis ins Jahr 1906 zur\u00fcck, mit der Gr\u00fcndung von MBA AG-Bassersdorf in Z\u00fcrich \u2013 die erste historische Grundlage f\u00fcr das, was VRP\/MBA-Machines heute ist.<\/p>\n<p style=\"font-weight: 400;\">Stetig wuchs das Unternehmen zu einem der gr\u00f6ssten Baumaschinenhersteller auf dem Schweizer Markt. Der Vertrieb konzentrierte sich ausschliesslich auf Eisenbahnmaterial. Damals wurden die gewaltigen Fels- und Erdmassen ausnahmslos auf dem Schienenweg transportiert. 1912 kamen die ersten Dampfl\u00f6ffelbagger in die Schweiz. Zu den grossen Baustellen des Unternehmens geh\u00f6rten der Rosenbergtunnel, St. Gallen und der Simplontunnel sowie die Oberalp-, Bodensee- und L\u00f6tschbergbahnen.<\/p>\n<p style=\"font-weight: 400;\">In ihrer gesamten Geschichte war die MBA AG ein Pionier, dessen T\u00e4tigkeit eng mit der Entwicklung und Industrialisierung der Schweiz verbunden war: die grossen Bauprojekte nach dem Zweiten Weltkrieg; die Einf\u00fchrung von Containern in der Schweiz ab 1954 f\u00fcr den G\u00fctertransport auf der Schiene; die Einf\u00fchrung der elektronischen Datenverarbeitung um 1961; der Siegeszug der 1963 eingef\u00fchrten O&amp;K-Hydraulikbagger mit Regelpumpen und doppelter Kraftstoffversorgung (1984 wurde der 1500. Hydraulikbagger an einen MBA-Kunden ausgeliefert).<\/p>\n<p style=\"font-weight: 400;\">Ende der 1980er Jahre geht die MBA AG in den vollst\u00e4ndigen Besitz der deutschen Ingenieurgesellschaft Orenstein &amp; Koppel AG aus Dortmund (O&amp;K) \u00fcber. Letztere wird 1998 an die Firma New Holland verkauft. Nach der Fusion von Case mit New Holland im Jahr 1999 entstand die CNH-Gruppe als Tochterunternehmen des italienischen FIAT-Konzerns.<\/p>\n<p style=\"font-weight: 400;\">Im Jahre 2005 vereint CNH seine Marken Orenstein &amp; Koppel (O&amp;K), FIAT-Kobelco, Kobelco und New Holland Construction unter einer einzigen Dachmarke: New Holland. Infolgedessen vertreibt die MBA SA AG ausschliesslich die Marke New Holland und \u00fcbernimmt den Kundendienst f\u00fcr die vier integrierten Marken.<\/p>\n<p style=\"font-weight: 400;\">Ren\u00e9 Vuagniaux kam 1998 zur MBA AG. Da ging es darum, den Verkauf zu steigern und die Vertretung der Marke O&amp;K in der Westschweiz zu \u00fcbernehmen. Im Jahr 2001, als er das Unternehmen in der Westschweiz leitete, baute er die Teams neu auf. Mechaniker und Verk\u00e4ufer schlossen sich ihm schnell an.<\/p>\n\n\t\t<\/div>\n\t<\/div>\n<\/div><\/div><\/div><div class=\"wpb_column vc_column_container vc_col-md-6\"><div class=\"vc_column-inner\"><div class=\"wpb_wrapper\">\n\t<div class=\"wpb_text_column wpb_content_element \" >\n\t\t<div class=\"wpb_wrapper\">\n\t\t\t<p style=\"font-weight: 400;\">F\u00fcnf Jahre sp\u00e4ter, im Jahr 2007, wurde auf seinen Anstoss hin die VRP SA gegr\u00fcndet, die den Verkauf und die Vertretung der Produktpalette der MBA SA f\u00fcr die Kantone Waadt, Wallis und Freiburg \u00fcbernahm.<\/p>\n<p style=\"font-weight: 400;\">Von Anfang treibt er die Schaffung eines Hydraulikressorts voran, was es ihm erm\u00f6glicht, an Autonomie zu gewinnen. Das Unternehmen PARKER schenkt ihm sein Vertrauen. Dies ist der Beginn eines stetigen und bedachten Wachstums, das ihn dazu veranlasst, den franz\u00f6sischsprachigen Teil des Unternehmens MBA aufzukaufen. 2014 l\u00e4sst sich das Unternehmen in Boussens in der N\u00e4he von Lausanne nieder und \u00fcbernimmt den Vertrieb der Marke CASE. Im selben Jahr werden auch die ersten drei Parker Hose Doctor-\u00abHydraulikbusse\u00bb eingeweiht, die Kunden vor Ort an ihren Baustellen betreuen.<\/p>\n<p style=\"font-weight: 400;\">Stetig und auf logische Weise w\u00e4chst die Eigenst\u00e4ndigkeit. 2017 \u00fcbernimmt Ren\u00e9 Vuagniaux die Z\u00fcgel des Unternehmens zu 100 % und kauft die Muttergesellschaft MBA SA Suisse Romande auf. 2020 geht er noch einen Schritt weiter und erwirbt die MBA AG, die die gesamte Deutschschweiz abdeckt. Dabei stellt er sicher, dass alle Mitarbeiter das Abenteuer mit ihm weiterf\u00fchren. Die VRP Holding AG wird gegr\u00fcndet und damit die Produktversorgung gesichert. Das Ziel: eine gemeinsame Strategie f\u00fcr das gesamte Land, um allen Kunden m\u00f6glichst umfassende und kundennahe Dienstleistungen anzubieten.<\/p>\n<p style=\"font-weight: 400;\">Im Laufe der Jahre hat VRP\/MBA-Machines unter dem Impuls von Ren\u00e9 und Patricia Vuagniaux eine starke Kultur entwickelt, unabh\u00e4ngig, engagiert, in einer Unternehmensstruktur mit menschlicher Gr\u00f6sse. Mit ihren 60 Mitarbeitern in der ganzen Schweiz sind alle bei VRP\/MBA-Machines stets bestrebt, die besten Leistungen erbringen \u2013 sei es beim Vertrieb von Baumaschinen, bei Reparaturen oder Wartungen, bei der Herstellung oder Revision von Zylindern sowie bei hydraulischen und mechanischen Pannenhilfeleistungen.<\/p>\n\n\t\t<\/div>\n\t<\/div>\n<\/div><\/div><\/div><\/div><\/div><\/div><\/div><div class=\"panel\" style=\"\"><div class=\"panel-heading\" role=\"tab\" id=\"acc-heading-1659952636077-b242d4d6-1efc\"><h4 class=\"panel-title text-left small-margin\"><a data-parent=\"#accordion-0\" class=\" collapsed\" role=\"button\" data-toggle=\"collapse\" href=\"#acc-1659952636077-b242d4d6-1efc\" aria-expanded=\"true\" aria-controls=\"acc-1659952636077-b242d4d6-1efc\"><span>Die Werte des Unternehmens<\/span><\/a><\/h4><\/div><div id=\"acc-1659952636077-b242d4d6-1efc\" class=\"panel-collapse collapse\" role=\"tabpanel\" aria-labelledby=\"acc-heading-1659952636077-b242d4d6-1efc\"><div class=\"panel-body\"><h2 style=\"text-align: left\" class=\"vc_custom_heading title\" >Die Werte des Unternehmens<\/h2><div class=\"vc_empty_space\"   style=\"height: 20px\"><span class=\"vc_empty_space_inner\"><\/span><\/div><div class=\"vc_row wpb_row vc_inner vc_row-fluid\"><div class=\"wpb_column vc_column_container vc_col-md-6\"><div class=\"vc_column-inner\"><div class=\"wpb_wrapper\">\n\t<div class=\"wpb_text_column wpb_content_element \" >\n\t\t<div class=\"wpb_wrapper\">\n\t\t\t<p style=\"font-weight: 400;\">Unter dem Zeichen der Diversit\u00e4t bilden unsere Mitarbeiterinnen und Mitarbeiter den gr\u00f6\u00dften Reichtum unseres Unternehmens. Gemeinsam verk\u00f6rpern und tragen sie unsere Ambitionen. Unser Leitbild steht auf f\u00fcnf S\u00e4ulen, als Grundlage f\u00fcr unsere Performance und unser Weiterbestehen:<\/p>\n<ul>\n<li style=\"font-weight: 400;\"><strong>Wir engagieren uns<\/strong> f\u00fcr die Zufriedenheit unserer Kunden, indem wir ihre Bed\u00fcrfnisse genau verstehen, sie bestens beraten und bestens bedienen. Dass wir eine starke Position im Markt aufgebaut haben, spornt uns jeden Tag aufs Neue an, durch Transparenz und gegenseitiges Vertrauen unsere Beziehungen zu unseren Gesch\u00e4ftspartnern weiter zu st\u00e4rken.<\/li>\n<li style=\"font-weight: 400;\"><strong>Wir gestalten <\/strong>eine dynamische unternehmerische Kultur, die unsere Unternehmensgruppe auf allen Ebenen pr\u00e4gt und vorantreibt. Als Erben der M\u00e4nner und Frauen, die unsere Unternehmen gegr\u00fcndet haben, behalten wir eine dezentralisierte Organisation bei, die Pragmatismus, Agilit\u00e4t, Effizienz und Reaktionsf\u00e4higkeit f\u00f6rdert.<\/li>\n<li style=\"font-weight: 400;\"><strong>Wir sind innovativ <\/strong>und entwickeln unsere Arbeitsweise und unsere Kundenl\u00f6sungen permanent weiter, um unsere Performance stets zu verbessern. Umfang, Kosten aber auch Risikomanagement bei unseren Projekten erfordern ein hohes Mass an Professionalit\u00e4t. Auch deshalb stellen wir h\u00f6chste Anspr\u00fcche an uns selbst: Es gen\u00fcgt nicht, etwas zu tun, man muss auch etwas leisten! Durch unsere Projekte und Dienstleistungen stehen wir als Unternehmen f\u00fcr Innovation und damit f\u00fcr Kompetenz und Fachwissen.<\/li>\n<li style=\"font-weight: 400;\"><strong>Wir leben unsere Werte<\/strong>. In einem so dynamischen Umfeld wie dem unseren, achten wir auf ein vorbildliches Verhalten, und halten uns an ethische Grunds\u00e4tze, die die Standards f\u00fcr Exzellenz und Benchmarks unserer Branche definieren.<\/li>\n<li style=\"font-weight: 400;\"><strong>Wir sind der Nachhaltigkeit verpflichtet<\/strong>. In einer Welt, in der der sparsame Umgang mit Ressourcen und der Respekt vor den Menschen unumg\u00e4ngliche Anforderungen sind, handeln wir, um unseren \u00f6kologischen Fussabdruck zu verringern und die nat\u00fcrlichen Ressourcen zu erhalten \u2013 indem wir uns auf innovative Instrumente und neue Methoden im Rahmen anspruchsvoller Standards st\u00fctzen.<\/li>\n<\/ul>\n\n\t\t<\/div>\n\t<\/div>\n<\/div><\/div><\/div><div class=\"wpb_column vc_column_container vc_col-md-6\"><div class=\"vc_column-inner\"><div class=\"wpb_wrapper\"><\/div><\/div><\/div><\/div><\/div><\/div><\/div><\/div><\/div><\/div><\/div><\/div>\n","protected":false},"excerpt":{"rendered":"VRP\/MBA-Machines VRP\/MBA-Machines ist ein Schweizer Unternehmen mit langj\u00e4hriger Erfahrung und anerkanntem Know-how im Vertrieb von Neu- und Gebrauchtmaschinen, kombiniert mit einer breiten Palette von Dienstleistungen, die das gesamte Spektrum abdecken \u2013 von Beratung und Service \u00fcber Reparaturen aller Marken bis &hellip;","protected":false},"author":1,"featured_media":0,"parent":0,"menu_order":1,"comment_status":"closed","ping_status":"open","template":"","meta":{"footnotes":""},"class_list":["post-14195","page","type-page","status-publish","hentry"],"_links":{"self":[{"href":"https:\/\/vrp-machines.com\/de\/wp-json\/wp\/v2\/pages\/14195","targetHints":{"allow":["GET"]}}],"collection":[{"href":"https:\/\/vrp-machines.com\/de\/wp-json\/wp\/v2\/pages"}],"about":[{"href":"https:\/\/vrp-machines.com\/de\/wp-json\/wp\/v2\/types\/page"}],"author":[{"embeddable":true,"href":"https:\/\/vrp-machines.com\/de\/wp-json\/wp\/v2\/users\/1"}],"replies":[{"embeddable":true,"href":"https:\/\/vrp-machines.com\/de\/wp-json\/wp\/v2\/comments?post=14195"}],"version-history":[{"count":5,"href":"https:\/\/vrp-machines.com\/de\/wp-json\/wp\/v2\/pages\/14195\/revisions"}],"predecessor-version":[{"id":15173,"href":"https:\/\/vrp-machines.com\/de\/wp-json\/wp\/v2\/pages\/14195\/revisions\/15173"}],"wp:attachment":[{"href":"https:\/\/vrp-machines.com\/de\/wp-json\/wp\/v2\/media?parent=14195"}],"curies":[{"name":"wp","href":"https:\/\/api.w.org\/{rel}","templated":true}]}}