{"id":14199,"date":"2022-08-23T19:04:43","date_gmt":"2022-08-23T17:04:43","guid":{"rendered":"https:\/\/vrp-machines.com\/stellenangebote\/"},"modified":"2025-12-10T09:03:23","modified_gmt":"2025-12-10T08:03:23","slug":"stellenangebote","status":"publish","type":"page","link":"https:\/\/vrp-machines.com\/de\/home\/stellenangebote\/","title":{"rendered":"Stellenangebote"},"content":{"rendered":"<div class=\"vc_row wpb_row vc_row-fluid vc_custom_1460122496361\"><div class=\"wpb_column vc_column_container vc_col-md-12\"><div class=\"vc_column-inner\"><div class=\"wpb_wrapper\"><div class=\"vc_empty_space\"   style=\"height: 32px\"><span class=\"vc_empty_space_inner\"><\/span><\/div><h2 style=\"text-align: left\" class=\"vc_custom_heading title\" >Stellenangebote<\/h2><div class=\"vc_empty_space\"   style=\"height: 20px\"><span class=\"vc_empty_space_inner\"><\/span><\/div>\n\t<div class=\"wpb_text_column wpb_content_element \" >\n\t\t<div class=\"wpb_wrapper\">\n\t\t\t<p style=\"text-align: justify;\">Falls Sie als Fachtechniker, erfahrener Mechaniker, Hochschulabsolvent oder Auszubildender auf der Suche nach neuen und spannenden Herausforderungen sind, k\u00f6nnen wir Ihnen in einem multikulturellen, modernen und motivierenden Umfeld die M\u00f6glichkeiten bieten, die zu Ihnen passen.<\/p>\n<p>&nbsp;<\/p>\n<p style=\"text-align: justify;\">Eines k\u00f6nnen wir Ihnen jetzt schon versprechen: Bei uns werden Sie Ihr Wissen und Ihre F\u00e4higkeiten vom ersten Tag an einsetzen. Werden Sie Teil unseres Teams und gestalten Sie gemeinsam mit uns die Zukunft von VRP\/MBA-Machines.<\/p>\n\n\t\t<\/div>\n\t<\/div>\n<\/div><\/div><\/div><\/div><div class=\"vc_row wpb_row vc_row-fluid vc_custom_1460122496361\"><div class=\"wpb_column vc_column_container vc_col-md-6\"><div class=\"vc_column-inner\"><div class=\"wpb_wrapper\"><div class=\"vc_empty_space\"   style=\"height: 20px\"><span class=\"vc_empty_space_inner\"><\/span><\/div><h2 style=\"text-align: left\" class=\"vc_custom_heading title\" >Westschweiz<\/h2><\/div><\/div><\/div><div class=\"wpb_column vc_column_container vc_col-md-6\"><div class=\"vc_column-inner\"><div class=\"wpb_wrapper\"><div class=\"vc_empty_space\"   style=\"height: 20px\"><span class=\"vc_empty_space_inner\"><\/span><\/div><h2 style=\"text-align: left\" class=\"vc_custom_heading title\" >Deutsche Schweiz<\/h2>\n\t<div class=\"wpb_text_column wpb_content_element \" >\n\t\t<div class=\"wpb_wrapper\">\n\t\t\t<div class=\"page\" title=\"Page 1\">\n<div class=\"layoutArea\">\n<div class=\"column\">\n<h4><a href=\"https:\/\/mba-ag.my.two.jobs\/job\/1000\" target=\"_blank\" rel=\"noopener\">Lastwagenmechaniker\/in (60\u2013100%) &#8211; Bassersdorf<\/a><\/h4>\n<\/div>\n<\/div>\n<\/div>\n\n\t\t<\/div>\n\t<\/div>\n<a id='button-id-' target='_blank' href='https:\/\/mba-ag.my.two.jobs\/job\/1000' class='btn btn-normal btn-sm' style=''>Angebot ansehen<\/a><div class=\"vc_separator wpb_content_element vc_separator_align_center vc_sep_width_100 vc_sep_pos_align_center vc_separator_no_text vc_sep_color_grey vc_custom_1649060437106  vc_custom_1649060437106\" ><span class=\"vc_sep_holder vc_sep_holder_l\"><span  class=\"vc_sep_line\"><\/span><\/span><span class=\"vc_sep_holder vc_sep_holder_r\"><span  class=\"vc_sep_line\"><\/span><\/span>\n<\/div><\/div><\/div><\/div><\/div>\n","protected":false},"excerpt":{"rendered":"Stellenangebote Falls Sie als Fachtechniker, erfahrener Mechaniker, Hochschulabsolvent oder Auszubildender auf der Suche nach neuen und spannenden Herausforderungen sind, k\u00f6nnen wir Ihnen in einem multikulturellen, modernen und motivierenden Umfeld die M\u00f6glichkeiten bieten, die zu Ihnen passen. &nbsp; Eines k\u00f6nnen wir &hellip;","protected":false},"author":1,"featured_media":0,"parent":14314,"menu_order":0,"comment_status":"closed","ping_status":"closed","template":"","meta":{"footnotes":""},"class_list":["post-14199","page","type-page","status-publish","hentry"],"_links":{"self":[{"href":"https:\/\/vrp-machines.com\/de\/wp-json\/wp\/v2\/pages\/14199","targetHints":{"allow":["GET"]}}],"collection":[{"href":"https:\/\/vrp-machines.com\/de\/wp-json\/wp\/v2\/pages"}],"about":[{"href":"https:\/\/vrp-machines.com\/de\/wp-json\/wp\/v2\/types\/page"}],"author":[{"embeddable":true,"href":"https:\/\/vrp-machines.com\/de\/wp-json\/wp\/v2\/users\/1"}],"replies":[{"embeddable":true,"href":"https:\/\/vrp-machines.com\/de\/wp-json\/wp\/v2\/comments?post=14199"}],"version-history":[{"count":15,"href":"https:\/\/vrp-machines.com\/de\/wp-json\/wp\/v2\/pages\/14199\/revisions"}],"predecessor-version":[{"id":16589,"href":"https:\/\/vrp-machines.com\/de\/wp-json\/wp\/v2\/pages\/14199\/revisions\/16589"}],"up":[{"embeddable":true,"href":"https:\/\/vrp-machines.com\/de\/wp-json\/wp\/v2\/pages\/14314"}],"wp:attachment":[{"href":"https:\/\/vrp-machines.com\/de\/wp-json\/wp\/v2\/media?parent=14199"}],"curies":[{"name":"wp","href":"https:\/\/api.w.org\/{rel}","templated":true}]}}