{"id":14236,"date":"2022-08-23T19:36:24","date_gmt":"2022-08-23T17:36:24","guid":{"rendered":"https:\/\/vrp-machines.com\/hydraulik\/"},"modified":"2023-10-30T11:58:03","modified_gmt":"2023-10-30T10:58:03","slug":"hydraulik","status":"publish","type":"page","link":"https:\/\/vrp-machines.com\/de\/hydraulik\/","title":{"rendered":"Hydraulik"},"content":{"rendered":"<div class=\"vc_row wpb_row vc_row-fluid\"><div class=\"wpb_column vc_column_container vc_col-md-4\"><div class=\"vc_column-inner\"><div class=\"wpb_wrapper\"><\/div><\/div><\/div><div class=\"wpb_column vc_column_container vc_col-md-4\"><div class=\"vc_column-inner\"><div class=\"wpb_wrapper\"><div class=\"vc_empty_space\"   style=\"height: 60px\"><span class=\"vc_empty_space_inner\"><\/span><\/div>\n\t<div  class=\"wpb_single_image wpb_content_element vc_align_center\">\n\t\t\n\t\t<figure class=\"wpb_wrapper vc_figure\">\n\t\t\t<div class=\"vc_single_image-wrapper   vc_box_border_grey\"><img decoding=\"async\" width=\"1133\" height=\"439\" src=\"https:\/\/vrp-machines.com\/new\/wp-content\/uploads\/2023\/10\/VRP-HYDRAULICS-1.svg\" class=\"vc_single_image-img attachment-full\" alt=\"\" title=\"VRP-HYDRAULICS\" \/><\/div>\n\t\t<\/figure>\n\t<\/div>\n<\/div><\/div><\/div><div class=\"wpb_column vc_column_container vc_col-md-4\"><div class=\"vc_column-inner\"><div class=\"wpb_wrapper\"><\/div><\/div><\/div><\/div><div class=\"vc_row wpb_row vc_row-fluid\"><div class=\"wpb_column vc_column_container vc_col-md-6 vc_col-has-fill\"><div class=\"vc_column-inner vc_custom_1697555255318\"><div class=\"wpb_wrapper\"><div class=\"vc_empty_space\"   style=\"height: 20px\"><span class=\"vc_empty_space_inner\"><\/span><\/div><h2 style=\"text-align: left\" class=\"vc_custom_heading title\" >Reparatur und Unterst\u00fctzung<\/h2><div class=\"vc_empty_space\"   style=\"height: 20px\"><span class=\"vc_empty_space_inner\"><\/span><\/div>\n\t<div class=\"wpb_text_column wpb_content_element \" >\n\t\t<div class=\"wpb_wrapper\">\n\t\t\t<p style=\"text-align: justify;\">Investieren Sie Zeitersparnis mit unserem Team von 15 Hydraulikexperten und ihren mobilen Werkst\u00e4tten. Sie sind flexibel, schnell und vor Ort verf\u00fcgbar, um Ihren Anforderungen gerecht zu werden, dank unseres voll ausgestatteten mobilen Parkerstore Hose Doctor-Werkstattbusses f\u00fcr Hydraulikwartung auf der Baustelle.<\/p>\n\n\t\t<\/div>\n\t<\/div>\n<div class=\"vc_btn3-container vc_btn3-inline\"><a class=\"btn btn-dark\" href=\"https:\/\/vrp-machines.com\/de\/?page_id=15792\" title=\"Herstellung und Wartung von Hydraulikzylindern aller Marken\" target=\"_self\">Mehr erfahren<\/a><\/div>\n<\/div><\/div><\/div><div class=\"wpb_column vc_column_container vc_col-md-6 vc_col-has-fill\"><div class=\"vc_column-inner vc_custom_1697555262203\"><div class=\"wpb_wrapper\"><div class=\"vc_empty_space\"   style=\"height: 20px\"><span class=\"vc_empty_space_inner\"><\/span><\/div><h2 style=\"text-align: left\" class=\"vc_custom_heading title\" >Herstellung und Wartung von Hydraulikzylindern aller Marken<\/h2><div class=\"vc_empty_space\"   style=\"height: 20px\"><span class=\"vc_empty_space_inner\"><\/span><\/div>\n\t<div class=\"wpb_text_column wpb_content_element \" >\n\t\t<div class=\"wpb_wrapper\">\n\t\t\t<p style=\"text-align: justify;\">Unsere spezialisierten Mechaniker k\u00f6nnen alle Arten von Hydraulikzylindern \u00fcberholen und ma\u00dfgeschneidert herstellen, einschlie\u00dflich besch\u00e4digter Stangen, besch\u00e4digter Komponenten, Leckagen und zu ersetzender Dichtungen. Kontaktieren Sie uns, um von unserer Schnelligkeit und Expertise zu profitieren, und wir werden Ihnen ein ma\u00dfgeschneidertes Angebot unterbreiten, das Ihren Anforderungen entspricht.<\/p>\n\n\t\t<\/div>\n\t<\/div>\n<div class=\"vc_btn3-container vc_btn3-inline\"><a class=\"btn btn-dark\" href=\"https:\/\/vrp-machines.com\/de\/hydraulik\/herstellung-und-wartung-von-hydraulikzylindern-aller-marken\/\" title=\"Herstellung und Wartung von Hydraulikzylindern aller Marken\" target=\"_self\">Mehr erfahren<\/a><\/div>\n<\/div><\/div><\/div><\/div><div class=\"vc_row wpb_row vc_row-fluid\"><div class=\"wpb_column vc_column_container vc_col-md-6 vc_col-has-fill\"><div class=\"vc_column-inner vc_custom_1697555269511\"><div class=\"wpb_wrapper\"><div class=\"vc_empty_space\"   style=\"height: 20px\"><span class=\"vc_empty_space_inner\"><\/span><\/div><h2 style=\"text-align: left\" class=\"vc_custom_heading title\" >Hydraulikanlagen<\/h2><div class=\"vc_empty_space\"   style=\"height: 20px\"><span class=\"vc_empty_space_inner\"><\/span><\/div>\n\t<div class=\"wpb_text_column wpb_content_element \" >\n\t\t<div class=\"wpb_wrapper\">\n\t\t\t<p style=\"text-align: justify;\">Unser erfahrenes Team bei VRP\/MBA-Machines zeichnet sich im Aufbau hydraulischer Anlagen f\u00fcr eine Vielzahl von industriellen und Baustellenanwendungen aus. Wir bieten ma\u00dfgeschneiderte L\u00f6sungen, einschlie\u00dflich der Entwicklung von Nebenhydrauliksteuerungen, hydraulischen Anpassungen und verschiedenen Montagen, einschlie\u00dflich hydraulischer Brecher, entsprechend Ihren spezifischen Anforderungen.<\/p>\n\n\t\t<\/div>\n\t<\/div>\n<div class=\"vc_btn3-container vc_btn3-inline\"><a class=\"btn btn-dark\" href=\"https:\/\/vrp-machines.com\/de\/hydraulik\/hydraulikanlagen\/\" title=\"Herstellung und Wartung von Hydraulikzylindern aller Marken\" target=\"_self\">Mehr erfahren<\/a><\/div>\n<\/div><\/div><\/div><div class=\"wpb_column vc_column_container vc_col-md-6 vc_col-has-fill\"><div class=\"vc_column-inner vc_custom_1697555542923\"><div class=\"wpb_wrapper\"><div class=\"vc_empty_space\"   style=\"height: 20px\"><span class=\"vc_empty_space_inner\"><\/span><\/div><h2 style=\"text-align: left\" class=\"vc_custom_heading title\" >Parker - Hydraulikkomponenten aller Marken<\/h2><div class=\"vc_empty_space\"   style=\"height: 20px\"><span class=\"vc_empty_space_inner\"><\/span><\/div>\n\t<div class=\"wpb_text_column wpb_content_element \" >\n\t\t<div class=\"wpb_wrapper\">\n\t\t\t<p style=\"text-align: justify;\">Mit ihrer Expertise im Bereich der Hydraulik bietet VRP\/MBA-Machines ein umfassendes Serviceangebot. Ihr 300 m\u00b2 gro\u00dfer Lagerbestand umfasst \u00fcber 6.000 Artikel, darunter Adapter, Verbindungsst\u00fccke, flexible und starre Schl\u00e4uche, Dichtungen und andere Komponenten. Ihr erfahrenes Team und ihre umfangreiche Ausr\u00fcstung erm\u00f6glichen eine schnelle Reaktion auf alle Ihre Anfragen, unabh\u00e4ngig von der Maschinenmarke. Dar\u00fcber hinaus sind sie in der Lage, ma\u00dfgeschneiderte Schl\u00e4uche mit einem Durchmesser von bis zu 2 Zoll gem\u00e4\u00df Ihren spezifischen Anforderungen herzustellen.<\/p>\n\n\t\t<\/div>\n\t<\/div>\n<div class=\"vc_btn3-container vc_btn3-inline\"><a class=\"btn btn-dark\" href=\"https:\/\/vrp-machines.com\/de\/hydraulik\/parker-hydraulikkomponenten-aller-marken\/\" title=\"Herstellung und Wartung von Hydraulikzylindern aller Marken\" target=\"_self\">Mehr erfahren<\/a><\/div>\n<\/div><\/div><\/div><\/div>\n","protected":false},"excerpt":{"rendered":"Reparatur und Unterst\u00fctzung Investieren Sie Zeitersparnis mit unserem Team von 15 Hydraulikexperten und ihren mobilen Werkst\u00e4tten. Sie sind flexibel, schnell und vor Ort verf\u00fcgbar, um Ihren Anforderungen gerecht zu werden, dank unseres voll ausgestatteten mobilen Parkerstore Hose Doctor-Werkstattbusses f\u00fcr Hydraulikwartung &hellip;","protected":false},"author":1,"featured_media":0,"parent":0,"menu_order":3,"comment_status":"closed","ping_status":"open","template":"","meta":{"footnotes":""},"class_list":["post-14236","page","type-page","status-publish","hentry"],"_links":{"self":[{"href":"https:\/\/vrp-machines.com\/de\/wp-json\/wp\/v2\/pages\/14236","targetHints":{"allow":["GET"]}}],"collection":[{"href":"https:\/\/vrp-machines.com\/de\/wp-json\/wp\/v2\/pages"}],"about":[{"href":"https:\/\/vrp-machines.com\/de\/wp-json\/wp\/v2\/types\/page"}],"author":[{"embeddable":true,"href":"https:\/\/vrp-machines.com\/de\/wp-json\/wp\/v2\/users\/1"}],"replies":[{"embeddable":true,"href":"https:\/\/vrp-machines.com\/de\/wp-json\/wp\/v2\/comments?post=14236"}],"version-history":[{"count":8,"href":"https:\/\/vrp-machines.com\/de\/wp-json\/wp\/v2\/pages\/14236\/revisions"}],"predecessor-version":[{"id":15836,"href":"https:\/\/vrp-machines.com\/de\/wp-json\/wp\/v2\/pages\/14236\/revisions\/15836"}],"wp:attachment":[{"href":"https:\/\/vrp-machines.com\/de\/wp-json\/wp\/v2\/media?parent=14236"}],"curies":[{"name":"wp","href":"https:\/\/api.w.org\/{rel}","templated":true}]}}