{"id":14239,"date":"2022-08-23T19:38:30","date_gmt":"2022-08-23T17:38:30","guid":{"rendered":"https:\/\/vrp-machines.com\/hydraulik\/hydraulikanlagen\/"},"modified":"2022-09-23T14:29:00","modified_gmt":"2022-09-23T12:29:00","slug":"hydraulikanlagen","status":"publish","type":"page","link":"https:\/\/vrp-machines.com\/de\/hydraulik\/hydraulikanlagen\/","title":{"rendered":"Hydraulikanlagen"},"content":{"rendered":"<div class=\"vc_row wpb_row vc_row-fluid\"><div class=\"wpb_column vc_column_container vc_col-md-12\"><div class=\"vc_column-inner\"><div class=\"wpb_wrapper\"><div class=\"vc_empty_space\"   style=\"height: 32px\"><span class=\"vc_empty_space_inner\"><\/span><\/div><\/div><\/div><\/div><\/div><div class=\"vc_row wpb_row vc_row-fluid\"><div class=\"wpb_column vc_column_container vc_col-md-6\"><div class=\"vc_column-inner\"><div class=\"wpb_wrapper\"><h2 style=\"text-align: left\" class=\"vc_custom_heading title\" >Hydraulikanlagen<\/h2><div class=\"vc_empty_space\"   style=\"height: 20px\"><span class=\"vc_empty_space_inner\"><\/span><\/div>\n\t<div class=\"wpb_text_column wpb_content_element \" >\n\t\t<div class=\"wpb_wrapper\">\n\t\t\t<p style=\"text-align: justify;\">Mit unserem Team von geschulten und erfahrenen Technikern steht VRP\/MBA-Machines f\u00fcr weitreichende und tiefgehende Fachkompetenz bei allen Arten von Hydraulikanlagen, Baumaschinen und industriellen Anlagen.<\/p>\n<p style=\"text-align: justify;\">Ihren Bed\u00fcrfnissen entsprechend k\u00f6nnen wir ebenso die Montage einer hydraulischen Zusatzsteuerung wie mittlere oder gr\u00f6ssere \u00c4nderungen an Ihren Aggregaten vornehmen \u2013 massgeschneidert, auf Anfrage. Wir k\u00f6nnen auch verschiedene Montagearbeiten bei hydraulischen Steinbrechern oder anderen Installationen vor Ort in Industriehallen durchf\u00fchren.<\/p>\n\n\t\t<\/div>\n\t<\/div>\n<div class=\"vc_btn3-container vc_btn3-inline\"><a class=\"btn btn-dark\" href=\"https:\/\/vrp-machines.com\/de\/kontakt\/\" title=\"Kontakt\" target=\"_self\">Kontakt<\/a><\/div>\n<\/div><\/div><\/div><div class=\"wpb_column vc_column_container vc_col-md-6\"><div class=\"vc_column-inner\"><div class=\"wpb_wrapper\"><\/div><\/div><\/div><\/div>\n","protected":false},"excerpt":{"rendered":"Hydraulikanlagen Mit unserem Team von geschulten und erfahrenen Technikern steht VRP\/MBA-Machines f\u00fcr weitreichende und tiefgehende Fachkompetenz bei allen Arten von Hydraulikanlagen, Baumaschinen und industriellen Anlagen. Ihren Bed\u00fcrfnissen entsprechend k\u00f6nnen wir ebenso die Montage einer hydraulischen Zusatzsteuerung wie mittlere oder gr\u00f6ssere &hellip;","protected":false},"author":2,"featured_media":0,"parent":14236,"menu_order":0,"comment_status":"closed","ping_status":"closed","template":"","meta":{"footnotes":""},"class_list":["post-14239","page","type-page","status-publish","hentry"],"_links":{"self":[{"href":"https:\/\/vrp-machines.com\/de\/wp-json\/wp\/v2\/pages\/14239","targetHints":{"allow":["GET"]}}],"collection":[{"href":"https:\/\/vrp-machines.com\/de\/wp-json\/wp\/v2\/pages"}],"about":[{"href":"https:\/\/vrp-machines.com\/de\/wp-json\/wp\/v2\/types\/page"}],"author":[{"embeddable":true,"href":"https:\/\/vrp-machines.com\/de\/wp-json\/wp\/v2\/users\/2"}],"replies":[{"embeddable":true,"href":"https:\/\/vrp-machines.com\/de\/wp-json\/wp\/v2\/comments?post=14239"}],"version-history":[{"count":0,"href":"https:\/\/vrp-machines.com\/de\/wp-json\/wp\/v2\/pages\/14239\/revisions"}],"up":[{"embeddable":true,"href":"https:\/\/vrp-machines.com\/de\/wp-json\/wp\/v2\/pages\/14236"}],"wp:attachment":[{"href":"https:\/\/vrp-machines.com\/de\/wp-json\/wp\/v2\/media?parent=14239"}],"curies":[{"name":"wp","href":"https:\/\/api.w.org\/{rel}","templated":true}]}}