{"id":14242,"date":"2022-08-23T19:41:08","date_gmt":"2022-08-23T17:41:08","guid":{"rendered":"https:\/\/vrp-machines.com\/hydraulik\/parker-hydraulikkomponenten-aller-marken\/"},"modified":"2023-08-22T14:15:37","modified_gmt":"2023-08-22T12:15:37","slug":"parker-hydraulikkomponenten-aller-marken","status":"publish","type":"page","link":"https:\/\/vrp-machines.com\/de\/hydraulik\/parker-hydraulikkomponenten-aller-marken\/","title":{"rendered":"Parker &#8211; Hydraulikkomponenten aller Marken"},"content":{"rendered":"<div class=\"vc_row wpb_row vc_row-fluid\"><div class=\"wpb_column vc_column_container vc_col-md-12\"><div class=\"vc_column-inner\"><div class=\"wpb_wrapper\"><div class=\"vc_empty_space\"   style=\"height: 32px\"><span class=\"vc_empty_space_inner\"><\/span><\/div><h2 style=\"text-align: left\" class=\"vc_custom_heading title\" >Parker - Hydraulikkomponenten aller Marken<\/h2><div class=\"vc_empty_space\"   style=\"height: 20px\"><span class=\"vc_empty_space_inner\"><\/span><\/div><\/div><\/div><\/div><\/div><div class=\"vc_row wpb_row vc_row-fluid\"><div class=\"wpb_column vc_column_container vc_col-md-6\"><div class=\"vc_column-inner\"><div class=\"wpb_wrapper\">\n\t<div class=\"wpb_text_column wpb_content_element \" >\n\t\t<div class=\"wpb_wrapper\">\n\t\t\t<p style=\"text-align: justify;\">Gr\u00e2ce \u00e0 sa grande exp\u00e9rience du secteur hydraulique, VRP\/MBA-Machines a d\u00e9velopp\u00e9 une large gamme de services pour assurer une assistance compl\u00e8te de ses clients.<\/p>\n<p style=\"text-align: justify;\">Plus de 6&#8217;000 r\u00e9f\u00e9rences sont en stock\u00a0!<\/p>\n<p style=\"text-align: justify;\">Gr\u00e2ce \u00e0 notre tr\u00e8s important stock d\u2019adaptateurs, de raccords, de tuyaux flexibles ou rigides, de joints et de divers composants, gr\u00e2ce aussi \u00e0 notre \u00e9quipe exp\u00e9riment\u00e9e et \u00e0 un outillage complet, notre magasin de 300 m2\u00a0 peut r\u00e9pondre dans des d\u00e9lais tr\u00e8s courts, \u00e0 toutes vos demandes, et pour tous les types de machines, toutes marques confondues. En plus de disposer d\u2019un grand nombre de pi\u00e8ces, nos techniciens sont capables de fabriquer des tuyaux sur-mesure jusqu\u2019\u00e0 un diam\u00e8tre de 2\u00a0\u2018\u2019, \u00e0 la demande, en fonction de vos besoins.<\/p>\n<p><strong>Du lundi au vendredi de 7h \u00e0 12h et de 13h \u00e0 17h (vendredi 16h30).<\/strong><\/p>\n\n\t\t<\/div>\n\t<\/div>\n<div class=\"vc_btn3-container vc_btn3-inline\"><a class=\"btn btn-dark\" href=\"https:\/\/vrp-machines.com\/de\/kontakt\/\" title=\"Kontakt\" target=\"_self\">Kontaktieren<\/a><\/div>\n<\/div><\/div><\/div><div class=\"wpb_column vc_column_container vc_col-md-6\"><div class=\"vc_column-inner\"><div class=\"wpb_wrapper\"><div class=\"wpb_gallery wpb_content_element vc_clearfix\" ><div class=\"wpb_wrapper\"><div class=\"wpb_gallery_slides wpb_flexslider flexslider_slide flexslider\" data-interval=\"3\" data-flex_fx=\"slide\"><ul class=\"slides\"><li><a class=\"\" href=\"https:\/\/vrp-machines.com\/new\/wp-content\/uploads\/2022\/08\/PHOTO-2022-08-15-16-01-02.jpg\" data-lightbox=\"lightbox[rel-14242-4078187213]\"><img decoding=\"async\" width=\"900\" height=\"601\" src=\"https:\/\/vrp-machines.com\/new\/wp-content\/uploads\/2022\/08\/PHOTO-2022-08-15-16-01-02.jpg\" class=\"attachment-full\" alt=\"\" title=\"PHOTO-2022-08-15-16-01-02\" srcset=\"https:\/\/vrp-machines.com\/new\/wp-content\/uploads\/2022\/08\/PHOTO-2022-08-15-16-01-02.jpg 900w, https:\/\/vrp-machines.com\/new\/wp-content\/uploads\/2022\/08\/PHOTO-2022-08-15-16-01-02-300x200.jpg 300w, https:\/\/vrp-machines.com\/new\/wp-content\/uploads\/2022\/08\/PHOTO-2022-08-15-16-01-02-768x513.jpg 768w, https:\/\/vrp-machines.com\/new\/wp-content\/uploads\/2022\/08\/PHOTO-2022-08-15-16-01-02-600x401.jpg 600w\" sizes=\"(max-width: 900px) 100vw, 900px\" \/><\/a><\/li><li><a class=\"\" href=\"https:\/\/vrp-machines.com\/new\/wp-content\/uploads\/2023\/08\/PHOTO-2022-08-15-16-01-32-VRP.jpg\" data-lightbox=\"lightbox[rel-14242-4078187213]\"><img decoding=\"async\" width=\"900\" height=\"601\" src=\"https:\/\/vrp-machines.com\/new\/wp-content\/uploads\/2023\/08\/PHOTO-2022-08-15-16-01-32-VRP.jpg\" class=\"attachment-full\" alt=\"\" title=\"PHOTO-2022-08-15-16-01-32-VRP\" srcset=\"https:\/\/vrp-machines.com\/new\/wp-content\/uploads\/2023\/08\/PHOTO-2022-08-15-16-01-32-VRP.jpg 900w, https:\/\/vrp-machines.com\/new\/wp-content\/uploads\/2023\/08\/PHOTO-2022-08-15-16-01-32-VRP-300x200.jpg 300w, https:\/\/vrp-machines.com\/new\/wp-content\/uploads\/2023\/08\/PHOTO-2022-08-15-16-01-32-VRP-768x513.jpg 768w\" sizes=\"(max-width: 900px) 100vw, 900px\" \/><\/a><\/li><\/ul><\/div><\/div><\/div><\/div><\/div><\/div><\/div>\n","protected":false},"excerpt":{"rendered":"Parker - Hydraulikkomponenten aller Marken Gr\u00e2ce \u00e0 sa grande exp\u00e9rience du secteur hydraulique, VRP\/MBA-Machines a d\u00e9velopp\u00e9 une large gamme de services pour assurer une assistance compl\u00e8te de ses clients. Plus de 6'000 r\u00e9f\u00e9rences sont en stock\u00a0! Gr\u00e2ce \u00e0 notre tr\u00e8s &hellip;","protected":false},"author":2,"featured_media":0,"parent":14236,"menu_order":0,"comment_status":"closed","ping_status":"closed","template":"","meta":{"footnotes":""},"class_list":["post-14242","page","type-page","status-publish","hentry"],"_links":{"self":[{"href":"https:\/\/vrp-machines.com\/de\/wp-json\/wp\/v2\/pages\/14242","targetHints":{"allow":["GET"]}}],"collection":[{"href":"https:\/\/vrp-machines.com\/de\/wp-json\/wp\/v2\/pages"}],"about":[{"href":"https:\/\/vrp-machines.com\/de\/wp-json\/wp\/v2\/types\/page"}],"author":[{"embeddable":true,"href":"https:\/\/vrp-machines.com\/de\/wp-json\/wp\/v2\/users\/2"}],"replies":[{"embeddable":true,"href":"https:\/\/vrp-machines.com\/de\/wp-json\/wp\/v2\/comments?post=14242"}],"version-history":[{"count":1,"href":"https:\/\/vrp-machines.com\/de\/wp-json\/wp\/v2\/pages\/14242\/revisions"}],"predecessor-version":[{"id":15765,"href":"https:\/\/vrp-machines.com\/de\/wp-json\/wp\/v2\/pages\/14242\/revisions\/15765"}],"up":[{"embeddable":true,"href":"https:\/\/vrp-machines.com\/de\/wp-json\/wp\/v2\/pages\/14236"}],"wp:attachment":[{"href":"https:\/\/vrp-machines.com\/de\/wp-json\/wp\/v2\/media?parent=14242"}],"curies":[{"name":"wp","href":"https:\/\/api.w.org\/{rel}","templated":true}]}}