{"id":14248,"date":"2022-08-23T19:45:39","date_gmt":"2022-08-23T17:45:39","guid":{"rendered":"https:\/\/vrp-machines.com\/zweiwegetechnik\/"},"modified":"2022-09-21T13:19:21","modified_gmt":"2022-09-21T11:19:21","slug":"zweiwegetechnik","status":"publish","type":"page","link":"https:\/\/vrp-machines.com\/de\/zweiwegetechnik\/","title":{"rendered":"Zweiwegetechnik"},"content":{"rendered":"<div class=\"vc_row wpb_row vc_row-fluid\"><div class=\"wpb_column vc_column_container vc_col-md-12\"><div class=\"vc_column-inner\"><div class=\"wpb_wrapper\"><div class=\"vc_empty_space\"   style=\"height: 20px\"><span class=\"vc_empty_space_inner\"><\/span><\/div><h2 style=\"text-align: left\" class=\"vc_custom_heading title\" >Zweiwegetechnik<\/h2><div class=\"vc_row wpb_row vc_inner vc_row-fluid\"><div class=\"wpb_column vc_column_container vc_col-md-6\"><div class=\"vc_column-inner\"><div class=\"wpb_wrapper\">\n\t<div class=\"wpb_text_column wpb_content_element \" >\n\t\t<div class=\"wpb_wrapper\">\n\t\t\t<p style=\"text-align: justify;\">Unser vielseitiges Sortiment an unterschiedlichen Maschinen, darunter Zweiwegedumper, CASE-Zweiwegebagger, KAISER-Zweiwegebagger und Wagon-Trailer \u2013 untermauert die langj\u00e4hrige und solide Expertise von VRP\/MBA-Machines in der grossen Tradition des Schweizer Eisenbahnbaus, dem historischen Fundament des Unternehmens.<\/p>\n<p style=\"text-align: justify;\">F\u00fcr uns gilt: st\u00e4ndige Anpassung an neue Normen und Sicherheits- sowie Effizienzanspr\u00fcchen. In diesem Bereich ist jedes Projekt einzigartig. Erfahrene Teams von VRP\/MBA-Machines, die sich bestens mit den hohen Anforderungen an das Material, das auf den Schienen verkehren soll, auskennen sind ein Erfolgsfaktor bei der Projektdurchf\u00fchrung.<\/p>\n\n\t\t<\/div>\n\t<\/div>\n<\/div><\/div><\/div><div class=\"wpb_column vc_column_container vc_col-md-6\"><div class=\"vc_column-inner\"><div class=\"wpb_wrapper\">\n\t<div class=\"wpb_text_column wpb_content_element \" >\n\t\t<div class=\"wpb_wrapper\">\n\t\t\t<p style=\"text-align: justify;\">Weil jedes Projekt einzigartig ist, wird jede Maschine von VRP\/MBA-Machines in Partnerschaft mit dem Hersteller speziell an die W\u00fcnsche des Kunden angepasst. Die leistungsstarken Maschinen sind f\u00fcr den geplanten Einsatz dann optimal konfiguriert und ausgestattet. Auf diese Weise werden sie nach Mass entwickelt und gefertigt. Hinzu kommen individueller Service und eine auf das spezifische Projekt zugeschnittene Beratung.<\/p>\n<p style=\"text-align: justify;\">Eine besondere Anfrage, ein zuk\u00fcnftiges Projekt? Z\u00f6gern Sie nicht, einen unserer erfahrenen Spezialisten zu kontaktieren, und lassen Sie sich von der f\u00fcr VRP\/MBA-Machines typischen Fachkompetenz \u00fcberzeugen.<\/p>\n\n\t\t<\/div>\n\t<\/div>\n<\/div><\/div><\/div><\/div><div class=\"vc_btn3-container vc_btn3-inline\"><a class=\"btn btn-dark\" href=\"https:\/\/vrp-machines.com\/de\/kontakt\/\" title=\"Kontakt\" target=\"_self\">Kontaktieren<\/a><\/div>\n<\/div><\/div><\/div><\/div><div class=\"vc_row wpb_row vc_row-fluid\"><div class=\"wpb_column vc_column_container vc_col-md-4\"><div class=\"vc_column-inner\"><div class=\"wpb_wrapper\">\n\t<div  class=\"wpb_single_image wpb_content_element vc_align_left\">\n\t\t\n\t\t<figure class=\"wpb_wrapper vc_figure\">\n\t\t\t<div class=\"vc_single_image-wrapper   vc_box_border_grey\"><img decoding=\"async\" width=\"886\" height=\"886\" src=\"https:\/\/vrp-machines.com\/new\/wp-content\/uploads\/2022\/08\/VRP-MBA-Fichestechniques-PRINT4.jpg\" class=\"vc_single_image-img attachment-full\" alt=\"\" title=\"VRP-MBA-Fichestechniques-PRINT4\" srcset=\"https:\/\/vrp-machines.com\/new\/wp-content\/uploads\/2022\/08\/VRP-MBA-Fichestechniques-PRINT4.jpg 886w, https:\/\/vrp-machines.com\/new\/wp-content\/uploads\/2022\/08\/VRP-MBA-Fichestechniques-PRINT4-300x300.jpg 300w, https:\/\/vrp-machines.com\/new\/wp-content\/uploads\/2022\/08\/VRP-MBA-Fichestechniques-PRINT4-150x150.jpg 150w, https:\/\/vrp-machines.com\/new\/wp-content\/uploads\/2022\/08\/VRP-MBA-Fichestechniques-PRINT4-768x768.jpg 768w, https:\/\/vrp-machines.com\/new\/wp-content\/uploads\/2022\/08\/VRP-MBA-Fichestechniques-PRINT4-12x12.jpg 12w, https:\/\/vrp-machines.com\/new\/wp-content\/uploads\/2022\/08\/VRP-MBA-Fichestechniques-PRINT4-600x600.jpg 600w, https:\/\/vrp-machines.com\/new\/wp-content\/uploads\/2022\/08\/VRP-MBA-Fichestechniques-PRINT4-100x100.jpg 100w\" sizes=\"(max-width: 886px) 100vw, 886px\" \/><\/div>\n\t\t<\/figure>\n\t<\/div>\n<h2 style=\"text-align: left\" class=\"vc_custom_heading title\" >MBA Dumper 2060\/2090<\/h2><div class=\"vc_row wpb_row vc_inner vc_row-fluid\"><div class=\"wpb_column vc_column_container vc_col-md-6\"><div class=\"vc_column-inner\"><div class=\"wpb_wrapper\"><div class=\"vc_btn3-container vc_btn3-inline\"><a class=\"btn btn-dark\" href=\"https:\/\/vrp-machines.com\/new\/wp-content\/uploads\/2022\/09\/VRP-MBA-MBA-Dumper-20602090Plus-DE-WEB.pdf\" title=\"\" target=\"_blank\"><i class=\"vc_btn3-icon fas fa-file-download\"><\/i> Datenblatt<\/a><\/div>\n<\/div><\/div><\/div><div class=\"wpb_column vc_column_container vc_col-md-6\"><div class=\"vc_column-inner\"><div class=\"wpb_wrapper\"><div class=\"vc_btn3-container vc_btn3-inline\"><a class=\"btn btn-dark\" href=\"https:\/\/vrp-machines.com\/de\/zweiwegetechnik\/mba-dumper-2060-2090\/\" title=\"MBA Dumper 2060\/2090\" target=\"_self\"><i class=\"vc_btn3-icon fas fa-images\"><\/i> Galerie<\/a><\/div>\n<\/div><\/div><\/div><\/div><\/div><\/div><\/div><div class=\"wpb_column vc_column_container vc_col-md-4\"><div class=\"vc_column-inner\"><div class=\"wpb_wrapper\">\n\t<div  class=\"wpb_single_image wpb_content_element vc_align_left\">\n\t\t\n\t\t<figure class=\"wpb_wrapper vc_figure\">\n\t\t\t<div class=\"vc_single_image-wrapper   vc_box_border_grey\"><img decoding=\"async\" width=\"886\" height=\"886\" src=\"https:\/\/vrp-machines.com\/new\/wp-content\/uploads\/2022\/08\/VRP-MBA-Fichestechniques-PRINT3.jpg\" class=\"vc_single_image-img attachment-full\" alt=\"\" title=\"VRP-MBA-Fichestechniques-PRINT3\" srcset=\"https:\/\/vrp-machines.com\/new\/wp-content\/uploads\/2022\/08\/VRP-MBA-Fichestechniques-PRINT3.jpg 886w, https:\/\/vrp-machines.com\/new\/wp-content\/uploads\/2022\/08\/VRP-MBA-Fichestechniques-PRINT3-300x300.jpg 300w, https:\/\/vrp-machines.com\/new\/wp-content\/uploads\/2022\/08\/VRP-MBA-Fichestechniques-PRINT3-150x150.jpg 150w, https:\/\/vrp-machines.com\/new\/wp-content\/uploads\/2022\/08\/VRP-MBA-Fichestechniques-PRINT3-768x768.jpg 768w, https:\/\/vrp-machines.com\/new\/wp-content\/uploads\/2022\/08\/VRP-MBA-Fichestechniques-PRINT3-12x12.jpg 12w, https:\/\/vrp-machines.com\/new\/wp-content\/uploads\/2022\/08\/VRP-MBA-Fichestechniques-PRINT3-600x600.jpg 600w, https:\/\/vrp-machines.com\/new\/wp-content\/uploads\/2022\/08\/VRP-MBA-Fichestechniques-PRINT3-100x100.jpg 100w\" sizes=\"(max-width: 886px) 100vw, 886px\" \/><\/div>\n\t\t<\/figure>\n\t<\/div>\n<h2 style=\"text-align: left\" class=\"vc_custom_heading title\" >MBA\/KAISER S22 RR<\/h2><div class=\"vc_row wpb_row vc_inner vc_row-fluid\"><div class=\"wpb_column vc_column_container vc_col-md-6\"><div class=\"vc_column-inner\"><div class=\"wpb_wrapper\"><div class=\"vc_btn3-container vc_btn3-inline\"><a class=\"btn btn-dark\" href=\"https:\/\/vrp-machines.com\/new\/wp-content\/uploads\/2022\/09\/VRP-MBA-MBAKAISER-DE-WEB.pdf\" title=\"\" target=\"_blank\"><i class=\"vc_btn3-icon fas fa-file-download\"><\/i> Datenblatt<\/a><\/div>\n<\/div><\/div><\/div><div class=\"wpb_column vc_column_container vc_col-md-6\"><div class=\"vc_column-inner\"><div class=\"wpb_wrapper\"><div class=\"vc_btn3-container vc_btn3-inline\"><a class=\"btn btn-dark\" href=\"https:\/\/vrp-machines.com\/de\/zweiwegetechnik\/mba-kaiser-s22-rr\/\" title=\"MBA\/KAISER S22 RR\" target=\"_self\"><i class=\"vc_btn3-icon fas fa-images\"><\/i> Galerie<\/a><\/div>\n<\/div><\/div><\/div><\/div><\/div><\/div><\/div><div class=\"wpb_column vc_column_container vc_col-md-4\"><div class=\"vc_column-inner\"><div class=\"wpb_wrapper\">\n\t<div  class=\"wpb_single_image wpb_content_element vc_align_left\">\n\t\t\n\t\t<figure class=\"wpb_wrapper vc_figure\">\n\t\t\t<div class=\"vc_single_image-wrapper   vc_box_border_grey\"><img decoding=\"async\" width=\"886\" height=\"886\" src=\"https:\/\/vrp-machines.com\/new\/wp-content\/uploads\/2022\/08\/VRP-MBA-Fichestechniques-PRINT.jpg\" class=\"vc_single_image-img attachment-full\" alt=\"\" title=\"VRP-MBA-Fichestechniques-PRINT\" srcset=\"https:\/\/vrp-machines.com\/new\/wp-content\/uploads\/2022\/08\/VRP-MBA-Fichestechniques-PRINT.jpg 886w, https:\/\/vrp-machines.com\/new\/wp-content\/uploads\/2022\/08\/VRP-MBA-Fichestechniques-PRINT-300x300.jpg 300w, https:\/\/vrp-machines.com\/new\/wp-content\/uploads\/2022\/08\/VRP-MBA-Fichestechniques-PRINT-150x150.jpg 150w, https:\/\/vrp-machines.com\/new\/wp-content\/uploads\/2022\/08\/VRP-MBA-Fichestechniques-PRINT-768x768.jpg 768w, https:\/\/vrp-machines.com\/new\/wp-content\/uploads\/2022\/08\/VRP-MBA-Fichestechniques-PRINT-12x12.jpg 12w, https:\/\/vrp-machines.com\/new\/wp-content\/uploads\/2022\/08\/VRP-MBA-Fichestechniques-PRINT-600x600.jpg 600w, https:\/\/vrp-machines.com\/new\/wp-content\/uploads\/2022\/08\/VRP-MBA-Fichestechniques-PRINT-100x100.jpg 100w\" sizes=\"(max-width: 886px) 100vw, 886px\" \/><\/div>\n\t\t<\/figure>\n\t<\/div>\n<h2 style=\"text-align: left\" class=\"vc_custom_heading title\" >Case CX145D \u2013 SBB Spurweite<\/h2><div class=\"vc_row wpb_row vc_inner vc_row-fluid\"><div class=\"wpb_column vc_column_container vc_col-md-6\"><div class=\"vc_column-inner\"><div class=\"wpb_wrapper\"><div class=\"vc_btn3-container vc_btn3-inline\"><a class=\"btn btn-dark\" href=\"https:\/\/vrp-machines.com\/new\/wp-content\/uploads\/2022\/09\/VRP-MBA-CASE-CX145D-SR-RR-DE-WEB.pdf\" title=\"\" target=\"_blank\"><i class=\"vc_btn3-icon fas fa-file-download\"><\/i> Datenblatt<\/a><\/div>\n<\/div><\/div><\/div><div class=\"wpb_column vc_column_container vc_col-md-6\"><div class=\"vc_column-inner\"><div class=\"wpb_wrapper\"><div class=\"vc_btn3-container vc_btn3-inline\"><a class=\"btn btn-dark\" href=\"https:\/\/vrp-machines.com\/de\/zweiwegetechnik\/case-cx145d-gabarit-cff\/\" title=\"Case CX145D \u2013 gabarit CFF\" target=\"_self\"><i class=\"vc_btn3-icon fas fa-images\"><\/i> Galerie<\/a><\/div>\n<\/div><\/div><\/div><\/div><\/div><\/div><\/div><\/div><div class=\"vc_row wpb_row vc_row-fluid\"><div class=\"wpb_column vc_column_container vc_col-md-4\"><div class=\"vc_column-inner\"><div class=\"wpb_wrapper\">\n\t<div  class=\"wpb_single_image wpb_content_element vc_align_left\">\n\t\t\n\t\t<figure class=\"wpb_wrapper vc_figure\">\n\t\t\t<div class=\"vc_single_image-wrapper   vc_box_border_grey\"><img decoding=\"async\" width=\"886\" height=\"886\" src=\"https:\/\/vrp-machines.com\/new\/wp-content\/uploads\/2022\/08\/VRP-MBA-Fichestechniques-PRINT5.jpg\" class=\"vc_single_image-img attachment-full\" alt=\"\" title=\"VRP-MBA-Fichestechniques-PRINT5\" srcset=\"https:\/\/vrp-machines.com\/new\/wp-content\/uploads\/2022\/08\/VRP-MBA-Fichestechniques-PRINT5.jpg 886w, https:\/\/vrp-machines.com\/new\/wp-content\/uploads\/2022\/08\/VRP-MBA-Fichestechniques-PRINT5-300x300.jpg 300w, https:\/\/vrp-machines.com\/new\/wp-content\/uploads\/2022\/08\/VRP-MBA-Fichestechniques-PRINT5-150x150.jpg 150w, https:\/\/vrp-machines.com\/new\/wp-content\/uploads\/2022\/08\/VRP-MBA-Fichestechniques-PRINT5-768x768.jpg 768w, https:\/\/vrp-machines.com\/new\/wp-content\/uploads\/2022\/08\/VRP-MBA-Fichestechniques-PRINT5-12x12.jpg 12w, https:\/\/vrp-machines.com\/new\/wp-content\/uploads\/2022\/08\/VRP-MBA-Fichestechniques-PRINT5-600x600.jpg 600w, https:\/\/vrp-machines.com\/new\/wp-content\/uploads\/2022\/08\/VRP-MBA-Fichestechniques-PRINT5-100x100.jpg 100w\" sizes=\"(max-width: 886px) 100vw, 886px\" \/><\/div>\n\t\t<\/figure>\n\t<\/div>\n<h2 style=\"text-align: left\" class=\"vc_custom_heading title\" >CASE CX85D<\/h2><div class=\"vc_row wpb_row vc_inner vc_row-fluid\"><div class=\"wpb_column vc_column_container vc_col-md-6\"><div class=\"vc_column-inner\"><div class=\"wpb_wrapper\"><div class=\"vc_btn3-container vc_btn3-inline\"><a class=\"btn btn-dark\" href=\"https:\/\/vrp-machines.com\/new\/wp-content\/uploads\/2022\/09\/VRP-MBA-CASE-CX85D-RR-DE-WEB.pdf\" title=\"Case CX85D\" target=\"_blank\"><i class=\"vc_btn3-icon fas fa-file-download\"><\/i> Datenblatt<\/a><\/div>\n<\/div><\/div><\/div><div class=\"wpb_column vc_column_container vc_col-md-6\"><div class=\"vc_column-inner\"><div class=\"wpb_wrapper\"><div class=\"vc_btn3-container vc_btn3-inline\"><a class=\"btn btn-dark\" href=\"https:\/\/vrp-machines.com\/de\/zweiwegetechnik\/case-cx85d\/\" title=\"Case CX85D\" target=\"_self\"><i class=\"vc_btn3-icon fas fa-images\"><\/i> Galerie<\/a><\/div>\n<\/div><\/div><\/div><\/div><\/div><\/div><\/div><div class=\"wpb_column vc_column_container vc_col-md-4\"><div class=\"vc_column-inner\"><div class=\"wpb_wrapper\">\n\t<div  class=\"wpb_single_image wpb_content_element vc_align_left\">\n\t\t\n\t\t<figure class=\"wpb_wrapper vc_figure\">\n\t\t\t<div class=\"vc_single_image-wrapper   vc_box_border_grey\"><img decoding=\"async\" width=\"901\" height=\"901\" src=\"https:\/\/vrp-machines.com\/new\/wp-content\/uploads\/2022\/08\/CASE-TV380-WEB.jpg\" class=\"vc_single_image-img attachment-full\" alt=\"\" title=\"CASE-TV380-WEB\" srcset=\"https:\/\/vrp-machines.com\/new\/wp-content\/uploads\/2022\/08\/CASE-TV380-WEB.jpg 901w, https:\/\/vrp-machines.com\/new\/wp-content\/uploads\/2022\/08\/CASE-TV380-WEB-300x300.jpg 300w, https:\/\/vrp-machines.com\/new\/wp-content\/uploads\/2022\/08\/CASE-TV380-WEB-150x150.jpg 150w, https:\/\/vrp-machines.com\/new\/wp-content\/uploads\/2022\/08\/CASE-TV380-WEB-768x768.jpg 768w, https:\/\/vrp-machines.com\/new\/wp-content\/uploads\/2022\/08\/CASE-TV380-WEB-12x12.jpg 12w, https:\/\/vrp-machines.com\/new\/wp-content\/uploads\/2022\/08\/CASE-TV380-WEB-600x600.jpg 600w, https:\/\/vrp-machines.com\/new\/wp-content\/uploads\/2022\/08\/CASE-TV380-WEB-100x100.jpg 100w\" sizes=\"(max-width: 901px) 100vw, 901px\" \/><\/div>\n\t\t<\/figure>\n\t<\/div>\n<h2 style=\"text-align: left\" class=\"vc_custom_heading title\" >Case TV 380<\/h2><div class=\"vc_row wpb_row vc_inner vc_row-fluid\"><div class=\"wpb_column vc_column_container vc_col-md-6\"><div class=\"vc_column-inner\"><div class=\"wpb_wrapper\"><div class=\"vc_btn3-container vc_btn3-inline\"><a class=\"btn btn-dark\" href=\"https:\/\/vrp-machines.com\/new\/wp-content\/uploads\/2022\/09\/VRP-MBA-Case-TV380-DE-WEB.pdf\" title=\"\" target=\"_blank\"><i class=\"vc_btn3-icon fas fa-file-download\"><\/i> Datenblatt<\/a><\/div>\n<\/div><\/div><\/div><div class=\"wpb_column vc_column_container vc_col-md-6\"><div class=\"vc_column-inner\"><div class=\"wpb_wrapper\"><div class=\"vc_btn3-container vc_btn3-inline\"><a class=\"btn btn-dark\" href=\"https:\/\/vrp-machines.com\/de\/zweiwegetechnik\/case-tv-380\/\" title=\"Case TV 380\" target=\"_self\"><i class=\"vc_btn3-icon fas fa-images\"><\/i> Galerie<\/a><\/div>\n<\/div><\/div><\/div><\/div><\/div><\/div><\/div><div class=\"wpb_column vc_column_container vc_col-md-4\"><div class=\"vc_column-inner\"><div class=\"wpb_wrapper\">\n\t<div  class=\"wpb_single_image wpb_content_element vc_align_left\">\n\t\t\n\t\t<figure class=\"wpb_wrapper vc_figure\">\n\t\t\t<div class=\"vc_single_image-wrapper   vc_box_border_grey\"><img decoding=\"async\" width=\"886\" height=\"886\" src=\"https:\/\/vrp-machines.com\/new\/wp-content\/uploads\/2022\/08\/VRP-MBA-Fichestechniques-PRINT2.jpg\" class=\"vc_single_image-img attachment-full\" alt=\"\" title=\"VRP-MBA-Fichestechniques-PRINT2\" srcset=\"https:\/\/vrp-machines.com\/new\/wp-content\/uploads\/2022\/08\/VRP-MBA-Fichestechniques-PRINT2.jpg 886w, https:\/\/vrp-machines.com\/new\/wp-content\/uploads\/2022\/08\/VRP-MBA-Fichestechniques-PRINT2-300x300.jpg 300w, https:\/\/vrp-machines.com\/new\/wp-content\/uploads\/2022\/08\/VRP-MBA-Fichestechniques-PRINT2-150x150.jpg 150w, https:\/\/vrp-machines.com\/new\/wp-content\/uploads\/2022\/08\/VRP-MBA-Fichestechniques-PRINT2-768x768.jpg 768w, https:\/\/vrp-machines.com\/new\/wp-content\/uploads\/2022\/08\/VRP-MBA-Fichestechniques-PRINT2-12x12.jpg 12w, https:\/\/vrp-machines.com\/new\/wp-content\/uploads\/2022\/08\/VRP-MBA-Fichestechniques-PRINT2-600x600.jpg 600w, https:\/\/vrp-machines.com\/new\/wp-content\/uploads\/2022\/08\/VRP-MBA-Fichestechniques-PRINT2-100x100.jpg 100w\" sizes=\"(max-width: 886px) 100vw, 886px\" \/><\/div>\n\t\t<\/figure>\n\t<\/div>\n<h2 style=\"text-align: left\" class=\"vc_custom_heading title\" >Wagon-trailer MBA\/VRP<\/h2><div class=\"vc_row wpb_row vc_inner vc_row-fluid\"><div class=\"wpb_column vc_column_container vc_col-md-6\"><div class=\"vc_column-inner\"><div class=\"wpb_wrapper\"><div class=\"vc_btn3-container vc_btn3-inline\"><a class=\"btn btn-dark\" href=\"https:\/\/vrp-machines.com\/new\/wp-content\/uploads\/2022\/09\/VRP-MBA-Remorque-ferroviaire-DE-WEB.pdf\" title=\"\" target=\"_blank\"><i class=\"vc_btn3-icon fas fa-file-download\"><\/i> Datenblatt<\/a><\/div>\n<\/div><\/div><\/div><div class=\"wpb_column vc_column_container vc_col-md-6\"><div class=\"vc_column-inner\"><div class=\"wpb_wrapper\"><div class=\"vc_btn3-container vc_btn3-inline\"><a class=\"btn btn-dark\" href=\"https:\/\/vrp-machines.com\/de\/zweiwegetechnik\/wagon-trailer-mba-vrp\/\" title=\"Wagon-trailer MBA\/VRP\" target=\"_self\"><i class=\"vc_btn3-icon fas fa-images\"><\/i> Galerie<\/a><\/div>\n<\/div><\/div><\/div><\/div><\/div><\/div><\/div><\/div>\n","protected":false},"excerpt":{"rendered":"Zweiwegetechnik Unser vielseitiges Sortiment an unterschiedlichen Maschinen, darunter Zweiwegedumper, CASE-Zweiwegebagger, KAISER-Zweiwegebagger und Wagon-Trailer \u2013 untermauert die langj\u00e4hrige und solide Expertise von VRP\/MBA-Machines in der grossen Tradition des Schweizer Eisenbahnbaus, dem historischen Fundament des Unternehmens. F\u00fcr uns gilt: st\u00e4ndige Anpassung an &hellip;","protected":false},"author":2,"featured_media":0,"parent":0,"menu_order":2,"comment_status":"closed","ping_status":"closed","template":"","meta":{"footnotes":""},"class_list":["post-14248","page","type-page","status-publish","hentry"],"_links":{"self":[{"href":"https:\/\/vrp-machines.com\/de\/wp-json\/wp\/v2\/pages\/14248","targetHints":{"allow":["GET"]}}],"collection":[{"href":"https:\/\/vrp-machines.com\/de\/wp-json\/wp\/v2\/pages"}],"about":[{"href":"https:\/\/vrp-machines.com\/de\/wp-json\/wp\/v2\/types\/page"}],"author":[{"embeddable":true,"href":"https:\/\/vrp-machines.com\/de\/wp-json\/wp\/v2\/users\/2"}],"replies":[{"embeddable":true,"href":"https:\/\/vrp-machines.com\/de\/wp-json\/wp\/v2\/comments?post=14248"}],"version-history":[{"count":0,"href":"https:\/\/vrp-machines.com\/de\/wp-json\/wp\/v2\/pages\/14248\/revisions"}],"wp:attachment":[{"href":"https:\/\/vrp-machines.com\/de\/wp-json\/wp\/v2\/media?parent=14248"}],"curies":[{"name":"wp","href":"https:\/\/api.w.org\/{rel}","templated":true}]}}