{"id":14375,"date":"2022-08-24T14:00:07","date_gmt":"2022-08-24T12:00:07","guid":{"rendered":"https:\/\/vrp-machines.com\/wartungsvertraege\/"},"modified":"2023-01-05T09:32:36","modified_gmt":"2023-01-05T08:32:36","slug":"wartungsvertraege","status":"publish","type":"page","link":"https:\/\/vrp-machines.com\/de\/wartungsvertraege\/","title":{"rendered":"Wartungsvertr\u00e4ge"},"content":{"rendered":"<div class=\"vc_row wpb_row vc_row-fluid\"><div class=\"wpb_column vc_column_container vc_col-md-12\"><div class=\"vc_column-inner\"><div class=\"wpb_wrapper\"><div class=\"vc_empty_space\"   style=\"height: 32px\"><span class=\"vc_empty_space_inner\"><\/span><\/div><\/div><\/div><\/div><\/div><div class=\"vc_row wpb_row vc_row-fluid\"><div class=\"wpb_column vc_column_container vc_col-md-12\"><div class=\"vc_column-inner\"><div class=\"wpb_wrapper\"><h2 style=\"text-align: left\" class=\"vc_custom_heading title\" >Wartungsvertr\u00e4ge<\/h2><div class=\"vc_empty_space\"   style=\"height: 20px\"><span class=\"vc_empty_space_inner\"><\/span><\/div><\/div><\/div><\/div><\/div><div class=\"vc_row wpb_row vc_row-fluid\"><div class=\"wpb_column vc_column_container vc_col-md-6\"><div class=\"vc_column-inner\"><div class=\"wpb_wrapper\">\n\t<div class=\"wpb_text_column wpb_content_element \" >\n\t\t<div class=\"wpb_wrapper\">\n\t\t\t<p style=\"text-align: justify;\">Von der Revision bis hin zur Reparatur Ihrer Maschinen und Ger\u00e4te: Vertrauen Sie uns die Wartung und \u00dcberwachung Ihres Baumaschinenparks an. So k\u00f6nnen Sie sich auf optimale Wirtschaftlichkeit, geringere Wahrscheinlichkeit von Ausf\u00e4llen und verl\u00e4ngerte Lebensdauer sowie starke Werterhaltung verlassen.<\/p>\n<p style=\"text-align: justify;\">Engagement, Transparenz, Zuverl\u00e4ssigkeit, Professionalit\u00e4t: Unsere geschulten und erfahrenen Mechaniker sind in der Lage, Ihre Maschinen aller Marken zu warten und zu reparieren. In unserer 1&#8217;000 m2 grossen und modernen, bestens ausgestatteten Werkstatt in Bassersdorf aber auch in Herzogenbuchsee, Vilters oder direkt vor Ort sorgt VRP\/MBA-Machines mit gr\u00f6sster Sorgfalt f\u00fcr die Wartung Ihrer Maschinen. Dass wir alles daran setzen, die Ausfallzeiten auf ein Minimum zu halten, ist selbstverst\u00e4ndlich.<\/p>\n<p style=\"text-align: justify;\">Bei uns gibt es keine b\u00f6sen \u00dcberraschungen! Wir bieten mehrere Wartungsvertragsformeln \u00ab\u00e0 la carte\u00bb an, die individuell an ihre Bed\u00fcrfnisse angepasst werden k\u00f6nnen. Je nach Art, Standort und Anzahl der j\u00e4hrlichen Betriebsstunden wird unser Team ein kompetitives Leistungspaket f\u00fcr Sie schn\u00fcren. Wettbewerbsf\u00e4higkeit, Pr\u00e4zision und Transparenz sind dabei oberstes Gebot.<\/p>\n<p style=\"text-align: justify;\">Ein Service in Ihrer N\u00e4he, reaktionsschnell, ehrlich, zuverl\u00e4ssig und gewissenhaft \u2013 darauf k\u00f6nnen Sie sich verlassen!<\/p>\n<p>&nbsp;<\/p>\n<h3>Full-Service-Vertrag<\/h3>\n<p style=\"text-align: justify;\">Wenn Sie sich f\u00fcr einen Full-Service-Vertrag entscheiden, bestimmen Sie selbst das Leistungspaket, das am besten zu Ihnen passt \u2013 von 12 bis 72 Monaten -bzw. von 1&#8217;000 bis 8&#8217;000 Betriebsstunden, ganz nach Ihrem besten Ermessen und Ihren Bed\u00fcrfnissen. Fahrzeit, Kilometer, auszuf\u00fchrende Arbeiten und Ersatzteile \u2013 alles ist inklusive.<\/p>\n<p>&nbsp;<\/p>\n<h3>Wartungsvertrag Service<\/h3>\n<p style=\"text-align: justify;\">Beim Wartungsvertrag Service bestimmen Sie auch das f\u00fcr Sie passende Leistungspaket, von 12 bis 72 Monaten oder von 1&#8217;000 bis 8&#8217;000 Betriebsstunden, je nach Ihren W\u00fcnschen. Fahrzeit, Kilometer und die zu leistenden Arbeiten sind in der Pauschale enthalten. Lediglich die Kosten f\u00fcr Ersatzteile werden separat berechnet.<\/p>\n<p style=\"text-align: justify;\">Egal, f\u00fcr welche der beiden Optionen Sie sich entscheiden, sind auch diese Pluspunkte garantiert:<\/p>\n<p>&nbsp;<\/p>\n<ul>\n<li>bessere Kostenkontrolle<\/li>\n<li>optimale Kostentransparenz<\/li>\n<li>geringeres Pannenrisiko, niedrigere Ausfallzeiten<\/li>\n<li>h\u00f6herer Wiederverkaufswert<\/li>\n<\/ul>\n\n\t\t<\/div>\n\t<\/div>\n<div class=\"vc_btn3-container vc_btn3-inline\"><a class=\"btn btn-dark\" href=\"https:\/\/vrp-machines.com\/de\/kontakt\/\" title=\"Kontakt\" target=\"_self\">Kontakt<\/a><\/div>\n<\/div><\/div><\/div><div class=\"wpb_column vc_column_container vc_col-md-6\"><div class=\"vc_column-inner\"><div class=\"wpb_wrapper\"><div class=\"wpb_gallery wpb_content_element vc_clearfix\" ><div class=\"wpb_wrapper\"><div class=\"wpb_gallery_slides wpb_flexslider flexslider_slide flexslider\" data-interval=\"3\" data-flex_fx=\"slide\"><ul class=\"slides\"><li><a class=\"\" href=\"https:\/\/vrp-machines.com\/new\/wp-content\/uploads\/2023\/01\/20220520_082908-WEB-1024x535.jpg\" data-lightbox=\"lightbox[rel-14375-540239410]\"><img decoding=\"async\" width=\"1920\" height=\"1004\" src=\"https:\/\/vrp-machines.com\/new\/wp-content\/uploads\/2023\/01\/20220520_082908-WEB.jpg\" class=\"attachment-full\" alt=\"\" title=\"20220520_082908-WEB\" srcset=\"https:\/\/vrp-machines.com\/new\/wp-content\/uploads\/2023\/01\/20220520_082908-WEB.jpg 1920w, https:\/\/vrp-machines.com\/new\/wp-content\/uploads\/2023\/01\/20220520_082908-WEB-300x157.jpg 300w, https:\/\/vrp-machines.com\/new\/wp-content\/uploads\/2023\/01\/20220520_082908-WEB-1024x535.jpg 1024w, https:\/\/vrp-machines.com\/new\/wp-content\/uploads\/2023\/01\/20220520_082908-WEB-768x402.jpg 768w, https:\/\/vrp-machines.com\/new\/wp-content\/uploads\/2023\/01\/20220520_082908-WEB-1536x803.jpg 1536w\" sizes=\"(max-width: 1920px) 100vw, 1920px\" \/><\/a><\/li><li><a class=\"\" href=\"https:\/\/vrp-machines.com\/new\/wp-content\/uploads\/2022\/08\/maintenance-9.jpg\" data-lightbox=\"lightbox[rel-14375-540239410]\"><img decoding=\"async\" width=\"640\" height=\"480\" src=\"https:\/\/vrp-machines.com\/new\/wp-content\/uploads\/2022\/08\/maintenance-9.jpg\" class=\"attachment-full\" alt=\"\" title=\"\" srcset=\"https:\/\/vrp-machines.com\/new\/wp-content\/uploads\/2022\/08\/maintenance-9.jpg 640w, https:\/\/vrp-machines.com\/new\/wp-content\/uploads\/2022\/08\/maintenance-9-300x225.jpg 300w, https:\/\/vrp-machines.com\/new\/wp-content\/uploads\/2022\/08\/maintenance-9-280x210.jpg 280w, https:\/\/vrp-machines.com\/new\/wp-content\/uploads\/2022\/08\/maintenance-9-600x450.jpg 600w\" sizes=\"(max-width: 640px) 100vw, 640px\" \/><\/a><\/li><li><a class=\"\" href=\"https:\/\/vrp-machines.com\/new\/wp-content\/uploads\/2022\/08\/maintenance-8.jpg\" data-lightbox=\"lightbox[rel-14375-540239410]\"><img decoding=\"async\" width=\"480\" height=\"360\" src=\"https:\/\/vrp-machines.com\/new\/wp-content\/uploads\/2022\/08\/maintenance-8.jpg\" class=\"attachment-full\" alt=\"\" title=\"\" srcset=\"https:\/\/vrp-machines.com\/new\/wp-content\/uploads\/2022\/08\/maintenance-8.jpg 480w, https:\/\/vrp-machines.com\/new\/wp-content\/uploads\/2022\/08\/maintenance-8-300x225.jpg 300w, https:\/\/vrp-machines.com\/new\/wp-content\/uploads\/2022\/08\/maintenance-8-280x210.jpg 280w\" sizes=\"(max-width: 480px) 100vw, 480px\" \/><\/a><\/li><li><a class=\"\" href=\"https:\/\/vrp-machines.com\/new\/wp-content\/uploads\/2022\/08\/maintenance-7.jpg\" data-lightbox=\"lightbox[rel-14375-540239410]\"><img decoding=\"async\" width=\"1024\" height=\"768\" src=\"https:\/\/vrp-machines.com\/new\/wp-content\/uploads\/2022\/08\/maintenance-7.jpg\" class=\"attachment-full\" alt=\"\" title=\"\" srcset=\"https:\/\/vrp-machines.com\/new\/wp-content\/uploads\/2022\/08\/maintenance-7.jpg 1024w, https:\/\/vrp-machines.com\/new\/wp-content\/uploads\/2022\/08\/maintenance-7-300x225.jpg 300w, https:\/\/vrp-machines.com\/new\/wp-content\/uploads\/2022\/08\/maintenance-7-768x576.jpg 768w, https:\/\/vrp-machines.com\/new\/wp-content\/uploads\/2022\/08\/maintenance-7-280x210.jpg 280w, https:\/\/vrp-machines.com\/new\/wp-content\/uploads\/2022\/08\/maintenance-7-600x450.jpg 600w\" sizes=\"(max-width: 1024px) 100vw, 1024px\" \/><\/a><\/li><li><a class=\"\" href=\"https:\/\/vrp-machines.com\/new\/wp-content\/uploads\/2022\/08\/maintenance-6.jpg\" data-lightbox=\"lightbox[rel-14375-540239410]\"><img decoding=\"async\" width=\"640\" height=\"480\" src=\"https:\/\/vrp-machines.com\/new\/wp-content\/uploads\/2022\/08\/maintenance-6.jpg\" class=\"attachment-full\" alt=\"\" title=\"\" srcset=\"https:\/\/vrp-machines.com\/new\/wp-content\/uploads\/2022\/08\/maintenance-6.jpg 640w, https:\/\/vrp-machines.com\/new\/wp-content\/uploads\/2022\/08\/maintenance-6-300x225.jpg 300w, https:\/\/vrp-machines.com\/new\/wp-content\/uploads\/2022\/08\/maintenance-6-280x210.jpg 280w, https:\/\/vrp-machines.com\/new\/wp-content\/uploads\/2022\/08\/maintenance-6-600x450.jpg 600w\" sizes=\"(max-width: 640px) 100vw, 640px\" \/><\/a><\/li><li><a class=\"\" href=\"https:\/\/vrp-machines.com\/new\/wp-content\/uploads\/2022\/08\/maintenance-5.jpg\" data-lightbox=\"lightbox[rel-14375-540239410]\"><img decoding=\"async\" width=\"640\" height=\"480\" src=\"https:\/\/vrp-machines.com\/new\/wp-content\/uploads\/2022\/08\/maintenance-5.jpg\" class=\"attachment-full\" alt=\"\" title=\"\" srcset=\"https:\/\/vrp-machines.com\/new\/wp-content\/uploads\/2022\/08\/maintenance-5.jpg 640w, https:\/\/vrp-machines.com\/new\/wp-content\/uploads\/2022\/08\/maintenance-5-300x225.jpg 300w, https:\/\/vrp-machines.com\/new\/wp-content\/uploads\/2022\/08\/maintenance-5-280x210.jpg 280w, https:\/\/vrp-machines.com\/new\/wp-content\/uploads\/2022\/08\/maintenance-5-600x450.jpg 600w\" sizes=\"(max-width: 640px) 100vw, 640px\" \/><\/a><\/li><li><a class=\"\" href=\"https:\/\/vrp-machines.com\/new\/wp-content\/uploads\/2022\/08\/maintenance-4.jpg\" data-lightbox=\"lightbox[rel-14375-540239410]\"><img decoding=\"async\" width=\"640\" height=\"480\" src=\"https:\/\/vrp-machines.com\/new\/wp-content\/uploads\/2022\/08\/maintenance-4.jpg\" class=\"attachment-full\" alt=\"\" title=\"\" srcset=\"https:\/\/vrp-machines.com\/new\/wp-content\/uploads\/2022\/08\/maintenance-4.jpg 640w, https:\/\/vrp-machines.com\/new\/wp-content\/uploads\/2022\/08\/maintenance-4-300x225.jpg 300w, https:\/\/vrp-machines.com\/new\/wp-content\/uploads\/2022\/08\/maintenance-4-280x210.jpg 280w, https:\/\/vrp-machines.com\/new\/wp-content\/uploads\/2022\/08\/maintenance-4-600x450.jpg 600w\" sizes=\"(max-width: 640px) 100vw, 640px\" \/><\/a><\/li><li><a class=\"\" href=\"https:\/\/vrp-machines.com\/new\/wp-content\/uploads\/2022\/08\/maintenance-2.jpg\" data-lightbox=\"lightbox[rel-14375-540239410]\"><img decoding=\"async\" width=\"640\" height=\"480\" src=\"https:\/\/vrp-machines.com\/new\/wp-content\/uploads\/2022\/08\/maintenance-2.jpg\" class=\"attachment-full\" alt=\"\" title=\"\" srcset=\"https:\/\/vrp-machines.com\/new\/wp-content\/uploads\/2022\/08\/maintenance-2.jpg 640w, https:\/\/vrp-machines.com\/new\/wp-content\/uploads\/2022\/08\/maintenance-2-300x225.jpg 300w, https:\/\/vrp-machines.com\/new\/wp-content\/uploads\/2022\/08\/maintenance-2-280x210.jpg 280w, https:\/\/vrp-machines.com\/new\/wp-content\/uploads\/2022\/08\/maintenance-2-600x450.jpg 600w\" sizes=\"(max-width: 640px) 100vw, 640px\" \/><\/a><\/li><li><a class=\"\" href=\"https:\/\/vrp-machines.com\/new\/wp-content\/uploads\/2022\/08\/maintenance-1-1024x768.jpg\" data-lightbox=\"lightbox[rel-14375-540239410]\"><img decoding=\"async\" width=\"1280\" height=\"960\" src=\"https:\/\/vrp-machines.com\/new\/wp-content\/uploads\/2022\/08\/maintenance-1.jpg\" class=\"attachment-full\" alt=\"\" title=\"\" srcset=\"https:\/\/vrp-machines.com\/new\/wp-content\/uploads\/2022\/08\/maintenance-1.jpg 1280w, https:\/\/vrp-machines.com\/new\/wp-content\/uploads\/2022\/08\/maintenance-1-300x225.jpg 300w, https:\/\/vrp-machines.com\/new\/wp-content\/uploads\/2022\/08\/maintenance-1-1024x768.jpg 1024w, https:\/\/vrp-machines.com\/new\/wp-content\/uploads\/2022\/08\/maintenance-1-768x576.jpg 768w, https:\/\/vrp-machines.com\/new\/wp-content\/uploads\/2022\/08\/maintenance-1-280x210.jpg 280w, https:\/\/vrp-machines.com\/new\/wp-content\/uploads\/2022\/08\/maintenance-1-600x450.jpg 600w\" sizes=\"(max-width: 1280px) 100vw, 1280px\" \/><\/a><\/li><li><a class=\"\" href=\"https:\/\/vrp-machines.com\/new\/wp-content\/uploads\/2022\/08\/maintenance-3.jpeg\" data-lightbox=\"lightbox[rel-14375-540239410]\"><img decoding=\"async\" width=\"480\" height=\"640\" src=\"https:\/\/vrp-machines.com\/new\/wp-content\/uploads\/2022\/08\/maintenance-3.jpeg\" class=\"attachment-full\" alt=\"\" title=\"\" srcset=\"https:\/\/vrp-machines.com\/new\/wp-content\/uploads\/2022\/08\/maintenance-3.jpeg 480w, https:\/\/vrp-machines.com\/new\/wp-content\/uploads\/2022\/08\/maintenance-3-225x300.jpeg 225w\" sizes=\"(max-width: 480px) 100vw, 480px\" \/><\/a><\/li><\/ul><\/div><\/div><\/div><\/div><\/div><\/div><\/div>\n","protected":false},"excerpt":{"rendered":"Wartungsvertr\u00e4ge Von der Revision bis hin zur Reparatur Ihrer Maschinen und Ger\u00e4te: Vertrauen Sie uns die Wartung und \u00dcberwachung Ihres Baumaschinenparks an. So k\u00f6nnen Sie sich auf optimale Wirtschaftlichkeit, geringere Wahrscheinlichkeit von Ausf\u00e4llen und verl\u00e4ngerte Lebensdauer sowie starke Werterhaltung verlassen. &hellip;","protected":false},"author":1,"featured_media":0,"parent":0,"menu_order":2,"comment_status":"closed","ping_status":"closed","template":"","meta":{"footnotes":""},"class_list":["post-14375","page","type-page","status-publish","hentry"],"_links":{"self":[{"href":"https:\/\/vrp-machines.com\/de\/wp-json\/wp\/v2\/pages\/14375","targetHints":{"allow":["GET"]}}],"collection":[{"href":"https:\/\/vrp-machines.com\/de\/wp-json\/wp\/v2\/pages"}],"about":[{"href":"https:\/\/vrp-machines.com\/de\/wp-json\/wp\/v2\/types\/page"}],"author":[{"embeddable":true,"href":"https:\/\/vrp-machines.com\/de\/wp-json\/wp\/v2\/users\/1"}],"replies":[{"embeddable":true,"href":"https:\/\/vrp-machines.com\/de\/wp-json\/wp\/v2\/comments?post=14375"}],"version-history":[{"count":1,"href":"https:\/\/vrp-machines.com\/de\/wp-json\/wp\/v2\/pages\/14375\/revisions"}],"predecessor-version":[{"id":15348,"href":"https:\/\/vrp-machines.com\/de\/wp-json\/wp\/v2\/pages\/14375\/revisions\/15348"}],"wp:attachment":[{"href":"https:\/\/vrp-machines.com\/de\/wp-json\/wp\/v2\/media?parent=14375"}],"curies":[{"name":"wp","href":"https:\/\/api.w.org\/{rel}","templated":true}]}}