{"id":14412,"date":"2022-08-25T16:13:04","date_gmt":"2022-08-25T14:13:04","guid":{"rendered":"https:\/\/vrp-machines.com\/garantie-2\/"},"modified":"2022-09-23T14:30:50","modified_gmt":"2022-09-23T12:30:50","slug":"garantie-2","status":"publish","type":"page","link":"https:\/\/vrp-machines.com\/de\/garantie-2\/","title":{"rendered":"Garantie"},"content":{"rendered":"<div class=\"vc_row wpb_row vc_row-fluid\"><div class=\"wpb_column vc_column_container vc_col-md-12\"><div class=\"vc_column-inner\"><div class=\"wpb_wrapper\"><div class=\"vc_empty_space\"   style=\"height: 32px\"><span class=\"vc_empty_space_inner\"><\/span><\/div><h2 style=\"text-align: left\" class=\"vc_custom_heading title\" >Garantie<\/h2><div class=\"vc_empty_space\"   style=\"height: 20px\"><span class=\"vc_empty_space_inner\"><\/span><\/div>\n\t<div class=\"wpb_text_column wpb_content_element \" >\n\t\t<div class=\"wpb_wrapper\">\n\t\t\t<p style=\"text-align: justify;\">Ihre Baumaschinen stellen hohe Investitionswerte dar und sind f\u00fcr Ihr Gesch\u00e4ft von entscheidender Bedeutung. VRP\/MBA-Machines bietet Ihnen die M\u00f6glichkeit, sie durch verschiedene Arten von Garantieleistungen zu sch\u00fctzen, die mit optionalen Schutzpakete genau auf Ihre Bed\u00fcrfnisse zugeschnitten werden k\u00f6nnen.<\/p>\n<p style=\"text-align: justify;\">Herstellergarantien, Zusatzgarantien und Garantieverl\u00e4ngerungen: F\u00fcr alle unsere neuen Maschinen gelten klare und transparente Garantieleistungen, die Ihnen die Freir\u00e4ume schaffen, um sich vollkommen auf Ihre Arbeit zu konzentrieren.<\/p>\n<p style=\"text-align: justify;\">Gemeinsam mit Ihnen erarbeiten unsere geschulten und erfahrenen Mechaniker und Verkaufsberater \u00ab\u00e0 la carte\u00bb die optimale Garantieabdeckung, \u00fcber 12 bis 72 Monaten oder von 2&#8217;000 bis 8&#8217;000 Betriebsstunden.<\/p>\n<p style=\"text-align: justify;\">Wenn Sie sich f\u00fcr eine dieser Deckungen entscheiden, haben Sie die sichere Garantie<\/p>\n<ul>\n<li>einer besseren Kontrolle \u00fcber Ihre Betriebsausgaben,<\/li>\n<li>transparenter Kosten,<\/li>\n<li>eines geringeren Risikos von Ausf\u00e4llen und Stillstandzeiten, und<\/li>\n<li>eines h\u00f6heren Wiederverkaufswerts Ihrer Maschinen.<\/li>\n<\/ul>\n\n\t\t<\/div>\n\t<\/div>\n<div class=\"vc_row wpb_row vc_inner vc_row-fluid\"><div class=\"wpb_column vc_column_container vc_col-md-6\"><div class=\"vc_column-inner\"><div class=\"wpb_wrapper\"><div class=\"vc_btn3-container vc_btn3-inline\"><a class=\"btn btn-dark\" href=\"https:\/\/vrp-machines.com\/de\/kontakt\/\" title=\"Kontakt\" target=\"_self\">Kontakt<\/a><\/div>\n<\/div><\/div><\/div><div class=\"wpb_column vc_column_container vc_col-md-6\"><div class=\"vc_column-inner\"><div class=\"wpb_wrapper\"><\/div><\/div><\/div><\/div><\/div><\/div><\/div><\/div>\n","protected":false},"excerpt":{"rendered":"Garantie Ihre Baumaschinen stellen hohe Investitionswerte dar und sind f\u00fcr Ihr Gesch\u00e4ft von entscheidender Bedeutung. VRP\/MBA-Machines bietet Ihnen die M\u00f6glichkeit, sie durch verschiedene Arten von Garantieleistungen zu sch\u00fctzen, die mit optionalen Schutzpakete genau auf Ihre Bed\u00fcrfnisse zugeschnitten werden k\u00f6nnen. Herstellergarantien, &hellip;","protected":false},"author":1,"featured_media":0,"parent":0,"menu_order":4,"comment_status":"closed","ping_status":"open","template":"","meta":{"footnotes":""},"class_list":["post-14412","page","type-page","status-publish","hentry"],"_links":{"self":[{"href":"https:\/\/vrp-machines.com\/de\/wp-json\/wp\/v2\/pages\/14412","targetHints":{"allow":["GET"]}}],"collection":[{"href":"https:\/\/vrp-machines.com\/de\/wp-json\/wp\/v2\/pages"}],"about":[{"href":"https:\/\/vrp-machines.com\/de\/wp-json\/wp\/v2\/types\/page"}],"author":[{"embeddable":true,"href":"https:\/\/vrp-machines.com\/de\/wp-json\/wp\/v2\/users\/1"}],"replies":[{"embeddable":true,"href":"https:\/\/vrp-machines.com\/de\/wp-json\/wp\/v2\/comments?post=14412"}],"version-history":[{"count":0,"href":"https:\/\/vrp-machines.com\/de\/wp-json\/wp\/v2\/pages\/14412\/revisions"}],"wp:attachment":[{"href":"https:\/\/vrp-machines.com\/de\/wp-json\/wp\/v2\/media?parent=14412"}],"curies":[{"name":"wp","href":"https:\/\/api.w.org\/{rel}","templated":true}]}}