{"id":15412,"date":"2023-02-28T08:40:48","date_gmt":"2023-02-28T07:40:48","guid":{"rendered":"https:\/\/vrp-machines.com\/?page_id=15412"},"modified":"2023-05-31T09:46:36","modified_gmt":"2023-05-31T07:46:36","slug":"dumper-7-tonnen","status":"publish","type":"page","link":"https:\/\/vrp-machines.com\/de\/dumpers\/dumper-7-tonnen\/","title":{"rendered":"Dumper 7 tonnen"},"content":{"rendered":"<p><\/p>\n<p><\/p>\n<div class=\"vc_row wpb_row vc_row-fluid\"><div class=\"wpb_column vc_column_container vc_col-md-12\"><div class=\"vc_column-inner\"><div class=\"wpb_wrapper\"><\/p>\n<div class=\"vc_empty_space\"   style=\"height: 32px\"><span class=\"vc_empty_space_inner\"><\/span><\/div>\n<p><\/p>\n<p><\/p>\n<p><\/div><\/div><\/div><\/div><div class=\"vc_row wpb_row vc_row-fluid\"><div class=\"wpb_column vc_column_container vc_col-md-12\"><div class=\"vc_column-inner\"><div class=\"wpb_wrapper\"><h2 style=\"text-align: left\" class=\"vc_custom_heading title\" >Dumper 7 tonnen<\/h2><div class=\"vc_empty_space\"   style=\"height: 20px\"><span class=\"vc_empty_space_inner\"><\/span><\/div><\/div><\/div><\/div><\/div><div class=\"vc_row wpb_row vc_row-fluid\"><div class=\"wpb_column vc_column_container vc_col-md-6\"><div class=\"vc_column-inner\"><div class=\"wpb_wrapper\">\n\t<div class=\"wpb_text_column wpb_content_element \" >\n\t\t<div class=\"wpb_wrapper\">\n\t\t\t<p class=\"p1\"><span class=\"s1\">Der brandneue Dumper <b>VRP-MBA D170<\/b> wurde entwickelt, um die Stabilit\u00e4t und den Komfort des Fahrers zu verbessern und gleichzeitig die h\u00e4rtesten Aufgaben mit einem robusten und zuverl\u00e4ssigen Yanmar-Motor in Kombination mit einem hydrostatischen Allradantrieb bei dem sich der Fahrer ohne h\u00e4ufige Gangwechsel auf seine Arbeit konzentrieren kann. Die um 180\u00b0 schwenkbare Mulde ist auf einem verst\u00e4rkten Drehkranz montiert, das maximale Leistung im 3-seitigen Kippbereich gew\u00e4hrleistet. Der standardm\u00e4\u00dfig gefederte Grammer-Sitz mit zwei Armlehnen wird mit einem Einhand-Joystick mit integriertem Fahrtrichtungsschalter kombiniert, um maximalen Fahrerkomfort zu bieten. Das gro\u00dfe, multifunktionale Display sorgt f\u00fcr einen perfekten \u00dcberblick \u00fcber alle Funktionen der Maschine. Eine Kamera im Vorderwagen zeigt die Kamerabilder in einem Display 7\u201c am Fahrerstand an, damit die Sicht nach vorne verbessert wird und rechtzeitig Gefahren erkannt werden.<\/span><\/p>\n<p class=\"p1\"><span class=\"s2\">Das spezielle Design mit verbesserter Zug\u00e4nglichkeit am Fahrerstand wurde entwickelt, um die Erm\u00fcdung des Bedieners beim Be- und Entladen der Maschine zu verringern, die w\u00e4hrend eines Arbeitstages mehrmals wiederholt werden.<\/span><\/p>\n<p class=\"p1\"><span class=\"s1\"><b>ARGUMENTE ZU IHREM VORTEIL<\/b><\/span><\/p>\n<ul>\n<li class=\"p1\"><span class=\"s1\">Ladekapazit\u00e4t von 7 tonnen<\/span><\/li>\n<li class=\"p1\"><span class=\"s1\">Breite von 1800 mm mit hoher Standfestigkeit<\/span><\/li>\n<li class=\"p1\"><span class=\"s1\">Kompakte Bauweise mit hoher Zuladung<\/span><\/li>\n<li class=\"p1\"><span class=\"s1\">Durchfahrtsh\u00f6he unter 2 m bei abgeklapptem \u00dcberrollb\u00fcgel<\/span><\/li>\n<li class=\"p1\"><span class=\"s2\">\u00dcberarbeitung durch VRP- und MBA Techniker f\u00fcr den <\/span><span class=\"s1\">Schweizer und Liechtenstein Markt<\/span><\/li>\n<li class=\"p1\">Exklusiver Vertriebspartner f\u00fcr den Schweizer Markt<\/li>\n<\/ul>\n<p class=\"p1\"><span class=\"s1\"><b>TECHNISCHE DATEN<\/b><\/span><\/p>\n<ul>\n<li class=\"p1\"><span class=\"s1\">Ladekapazit\u00e4t 7\u2019000 Kg<\/span><\/li>\n<li class=\"p1\"><span class=\"s1\">Fassungsverm\u00f6gen b\u00fcndig 2&#8217;800 lt<\/span><\/li>\n<li class=\"p1\"><span class=\"s1\">Fassungsverm\u00f6gen geh\u00e4uft 3&#8217;600 lt<\/span><\/li>\n<li class=\"p1\"><span class=\"s1\">Leergewicht 3&#8217;600 Kg<\/span><\/li>\n<li class=\"p1\"><span class=\"s1\">Yanmar Stage V Motor <\/span>53.7 KW (72 PS)<\/li>\n<li class=\"p1\"><span class=\"s1\">Geschwindigkeit max. 28 Km\/h<\/span><\/li>\n<li><span class=\"s1\">Max. Steigung 40 %<\/span><\/li>\n<li><span class=\"s1\">Gesamtbreite 1\u2019860 mm<\/span><\/li>\n<li><span class=\"s1\">Gesamtl\u00e4nge 4\u2019470 mm<\/span><\/li>\n<li class=\"p1\">H\u00f6he abgeklappten \u00dcberrollb\u00fcgel<span class=\"s1\"> 1\u2019930 mm<\/span><\/li>\n<li class=\"p1\">H\u00f6he aufgeklappten \u00dcberrollb\u00fcgel<span class=\"s1\"> 2&#8217;750 mm<\/span><\/li>\n<li class=\"p1\"><span class=\"s1\">Bodenfreiheit 325 mm<\/span><\/li>\n<\/ul>\n\n\t\t<\/div>\n\t<\/div>\n<\/div><\/div><\/div><div class=\"wpb_column vc_column_container vc_col-md-6\"><div class=\"vc_column-inner\"><div class=\"wpb_wrapper\"><div class=\"wpb_gallery wpb_content_element vc_clearfix\" ><div class=\"wpb_wrapper\"><div class=\"wpb_gallery_slides wpb_flexslider flexslider_slide flexslider\" data-interval=\"3\" data-flex_fx=\"slide\"><ul class=\"slides\"><li><a class=\"\" href=\"https:\/\/vrp-machines.com\/new\/wp-content\/uploads\/2023\/02\/VRP-MBA_Dumper_new-032-1-1024x683.jpg\" data-lightbox=\"lightbox[rel-15412-967304111]\"><img decoding=\"async\" width=\"1920\" height=\"1280\" src=\"https:\/\/vrp-machines.com\/new\/wp-content\/uploads\/2023\/02\/VRP-MBA_Dumper_new-032-1.jpg\" class=\"attachment-full\" alt=\"\" title=\"VRP-MBA_Dumper_new-032\" srcset=\"https:\/\/vrp-machines.com\/new\/wp-content\/uploads\/2023\/02\/VRP-MBA_Dumper_new-032-1.jpg 1920w, https:\/\/vrp-machines.com\/new\/wp-content\/uploads\/2023\/02\/VRP-MBA_Dumper_new-032-1-300x200.jpg 300w, https:\/\/vrp-machines.com\/new\/wp-content\/uploads\/2023\/02\/VRP-MBA_Dumper_new-032-1-1024x683.jpg 1024w, https:\/\/vrp-machines.com\/new\/wp-content\/uploads\/2023\/02\/VRP-MBA_Dumper_new-032-1-768x512.jpg 768w, https:\/\/vrp-machines.com\/new\/wp-content\/uploads\/2023\/02\/VRP-MBA_Dumper_new-032-1-1536x1024.jpg 1536w\" sizes=\"(max-width: 1920px) 100vw, 1920px\" \/><\/a><\/li><li><a class=\"\" href=\"https:\/\/vrp-machines.com\/new\/wp-content\/uploads\/2023\/02\/VRP-MBA_Dumper_new-052-1-1024x683.jpg\" data-lightbox=\"lightbox[rel-15412-967304111]\"><img decoding=\"async\" width=\"1920\" height=\"1280\" src=\"https:\/\/vrp-machines.com\/new\/wp-content\/uploads\/2023\/02\/VRP-MBA_Dumper_new-052-1.jpg\" class=\"attachment-full\" alt=\"\" title=\"VRP-MBA_Dumper_new-052\" srcset=\"https:\/\/vrp-machines.com\/new\/wp-content\/uploads\/2023\/02\/VRP-MBA_Dumper_new-052-1.jpg 1920w, https:\/\/vrp-machines.com\/new\/wp-content\/uploads\/2023\/02\/VRP-MBA_Dumper_new-052-1-300x200.jpg 300w, https:\/\/vrp-machines.com\/new\/wp-content\/uploads\/2023\/02\/VRP-MBA_Dumper_new-052-1-1024x683.jpg 1024w, https:\/\/vrp-machines.com\/new\/wp-content\/uploads\/2023\/02\/VRP-MBA_Dumper_new-052-1-768x512.jpg 768w, https:\/\/vrp-machines.com\/new\/wp-content\/uploads\/2023\/02\/VRP-MBA_Dumper_new-052-1-1536x1024.jpg 1536w\" sizes=\"(max-width: 1920px) 100vw, 1920px\" \/><\/a><\/li><li><a class=\"\" href=\"https:\/\/vrp-machines.com\/new\/wp-content\/uploads\/2023\/02\/VRP-MBA_Dumper_new-056-1024x683.jpg\" data-lightbox=\"lightbox[rel-15412-967304111]\"><img decoding=\"async\" width=\"1920\" height=\"1280\" src=\"https:\/\/vrp-machines.com\/new\/wp-content\/uploads\/2023\/02\/VRP-MBA_Dumper_new-056.jpg\" class=\"attachment-full\" alt=\"\" title=\"VRP-MBA_Dumper_new-056\" srcset=\"https:\/\/vrp-machines.com\/new\/wp-content\/uploads\/2023\/02\/VRP-MBA_Dumper_new-056.jpg 1920w, https:\/\/vrp-machines.com\/new\/wp-content\/uploads\/2023\/02\/VRP-MBA_Dumper_new-056-300x200.jpg 300w, https:\/\/vrp-machines.com\/new\/wp-content\/uploads\/2023\/02\/VRP-MBA_Dumper_new-056-1024x683.jpg 1024w, https:\/\/vrp-machines.com\/new\/wp-content\/uploads\/2023\/02\/VRP-MBA_Dumper_new-056-768x512.jpg 768w, https:\/\/vrp-machines.com\/new\/wp-content\/uploads\/2023\/02\/VRP-MBA_Dumper_new-056-1536x1024.jpg 1536w\" sizes=\"(max-width: 1920px) 100vw, 1920px\" \/><\/a><\/li><li><a class=\"\" href=\"https:\/\/vrp-machines.com\/new\/wp-content\/uploads\/2023\/02\/VRP-MBA_Dumper_new-038-1024x683.jpg\" data-lightbox=\"lightbox[rel-15412-967304111]\"><img decoding=\"async\" width=\"1920\" height=\"1280\" src=\"https:\/\/vrp-machines.com\/new\/wp-content\/uploads\/2023\/02\/VRP-MBA_Dumper_new-038.jpg\" class=\"attachment-full\" alt=\"\" title=\"VRP-MBA_Dumper_new-038\" srcset=\"https:\/\/vrp-machines.com\/new\/wp-content\/uploads\/2023\/02\/VRP-MBA_Dumper_new-038.jpg 1920w, https:\/\/vrp-machines.com\/new\/wp-content\/uploads\/2023\/02\/VRP-MBA_Dumper_new-038-300x200.jpg 300w, https:\/\/vrp-machines.com\/new\/wp-content\/uploads\/2023\/02\/VRP-MBA_Dumper_new-038-1024x683.jpg 1024w, https:\/\/vrp-machines.com\/new\/wp-content\/uploads\/2023\/02\/VRP-MBA_Dumper_new-038-768x512.jpg 768w, https:\/\/vrp-machines.com\/new\/wp-content\/uploads\/2023\/02\/VRP-MBA_Dumper_new-038-1536x1024.jpg 1536w\" sizes=\"(max-width: 1920px) 100vw, 1920px\" \/><\/a><\/li><li><a class=\"\" href=\"https:\/\/vrp-machines.com\/new\/wp-content\/uploads\/2023\/02\/VRP-MBA_Dumper_new-drone-006-1024x682.jpg\" data-lightbox=\"lightbox[rel-15412-967304111]\"><img decoding=\"async\" width=\"1920\" height=\"1279\" src=\"https:\/\/vrp-machines.com\/new\/wp-content\/uploads\/2023\/02\/VRP-MBA_Dumper_new-drone-006.jpg\" class=\"attachment-full\" alt=\"\" title=\"VRP-MBA_Dumper_new-drone-006\" srcset=\"https:\/\/vrp-machines.com\/new\/wp-content\/uploads\/2023\/02\/VRP-MBA_Dumper_new-drone-006.jpg 1920w, https:\/\/vrp-machines.com\/new\/wp-content\/uploads\/2023\/02\/VRP-MBA_Dumper_new-drone-006-300x200.jpg 300w, https:\/\/vrp-machines.com\/new\/wp-content\/uploads\/2023\/02\/VRP-MBA_Dumper_new-drone-006-1024x682.jpg 1024w, https:\/\/vrp-machines.com\/new\/wp-content\/uploads\/2023\/02\/VRP-MBA_Dumper_new-drone-006-768x512.jpg 768w, https:\/\/vrp-machines.com\/new\/wp-content\/uploads\/2023\/02\/VRP-MBA_Dumper_new-drone-006-1536x1023.jpg 1536w\" sizes=\"(max-width: 1920px) 100vw, 1920px\" \/><\/a><\/li><li><a class=\"\" href=\"https:\/\/vrp-machines.com\/new\/wp-content\/uploads\/2023\/02\/VRP-MBA_Dumper_new-024-1024x683.jpg\" data-lightbox=\"lightbox[rel-15412-967304111]\"><img decoding=\"async\" width=\"1920\" height=\"1280\" src=\"https:\/\/vrp-machines.com\/new\/wp-content\/uploads\/2023\/02\/VRP-MBA_Dumper_new-024.jpg\" class=\"attachment-full\" alt=\"\" title=\"VRP-MBA_Dumper_new-024\" srcset=\"https:\/\/vrp-machines.com\/new\/wp-content\/uploads\/2023\/02\/VRP-MBA_Dumper_new-024.jpg 1920w, https:\/\/vrp-machines.com\/new\/wp-content\/uploads\/2023\/02\/VRP-MBA_Dumper_new-024-300x200.jpg 300w, https:\/\/vrp-machines.com\/new\/wp-content\/uploads\/2023\/02\/VRP-MBA_Dumper_new-024-1024x683.jpg 1024w, https:\/\/vrp-machines.com\/new\/wp-content\/uploads\/2023\/02\/VRP-MBA_Dumper_new-024-768x512.jpg 768w, https:\/\/vrp-machines.com\/new\/wp-content\/uploads\/2023\/02\/VRP-MBA_Dumper_new-024-1536x1024.jpg 1536w\" sizes=\"(max-width: 1920px) 100vw, 1920px\" \/><\/a><\/li><li><a class=\"\" href=\"https:\/\/vrp-machines.com\/new\/wp-content\/uploads\/2023\/02\/PLAN-02-1-1024x683.jpg\" data-lightbox=\"lightbox[rel-15412-967304111]\"><img decoding=\"async\" width=\"1920\" height=\"1280\" src=\"https:\/\/vrp-machines.com\/new\/wp-content\/uploads\/2023\/02\/PLAN-02-1.jpg\" class=\"attachment-full\" alt=\"\" title=\"PLAN-02 (1)\" srcset=\"https:\/\/vrp-machines.com\/new\/wp-content\/uploads\/2023\/02\/PLAN-02-1.jpg 1920w, https:\/\/vrp-machines.com\/new\/wp-content\/uploads\/2023\/02\/PLAN-02-1-300x200.jpg 300w, https:\/\/vrp-machines.com\/new\/wp-content\/uploads\/2023\/02\/PLAN-02-1-1024x683.jpg 1024w, https:\/\/vrp-machines.com\/new\/wp-content\/uploads\/2023\/02\/PLAN-02-1-768x512.jpg 768w, https:\/\/vrp-machines.com\/new\/wp-content\/uploads\/2023\/02\/PLAN-02-1-1536x1024.jpg 1536w\" sizes=\"(max-width: 1920px) 100vw, 1920px\" \/><\/a><\/li><li><a class=\"\" href=\"https:\/\/vrp-machines.com\/new\/wp-content\/uploads\/2023\/03\/Dumper-Schema-01-1024x683.jpg\" data-lightbox=\"lightbox[rel-15412-967304111]\"><img decoding=\"async\" width=\"1920\" height=\"1280\" src=\"https:\/\/vrp-machines.com\/new\/wp-content\/uploads\/2023\/03\/Dumper-Schema-01.jpg\" class=\"attachment-full\" alt=\"\" title=\"Dumper-Schema-01\" srcset=\"https:\/\/vrp-machines.com\/new\/wp-content\/uploads\/2023\/03\/Dumper-Schema-01.jpg 1920w, https:\/\/vrp-machines.com\/new\/wp-content\/uploads\/2023\/03\/Dumper-Schema-01-300x200.jpg 300w, https:\/\/vrp-machines.com\/new\/wp-content\/uploads\/2023\/03\/Dumper-Schema-01-1024x683.jpg 1024w, https:\/\/vrp-machines.com\/new\/wp-content\/uploads\/2023\/03\/Dumper-Schema-01-768x512.jpg 768w, https:\/\/vrp-machines.com\/new\/wp-content\/uploads\/2023\/03\/Dumper-Schema-01-1536x1024.jpg 1536w\" sizes=\"(max-width: 1920px) 100vw, 1920px\" \/><\/a><\/li><\/ul><\/div><\/div><\/div><div class=\"vc_row wpb_row vc_inner vc_row-fluid\"><div class=\"wpb_column vc_column_container vc_col-md-6\"><div class=\"vc_column-inner\"><div class=\"wpb_wrapper\"><div class=\"vc_btn3-container vc_btn3-center\"><a class=\"btn btn-dark\" href=\"https:\/\/vrp-machines.com\/new\/wp-content\/uploads\/2023\/03\/VRP-MBA-FlyerDumper-WEB-DE-230301-2.pdf\" title=\"\" target=\"_blank\"><i class=\"vc_btn3-icon fas fa-file-download\"><\/i> Datenblatt<\/a><\/div>\n<\/div><\/div><\/div><div class=\"wpb_column vc_column_container vc_col-md-6\"><div class=\"vc_column-inner\"><div class=\"wpb_wrapper\"><div class=\"vc_btn3-container vc_btn3-center\"><a class=\"btn btn-dark\" href=\"https:\/\/vrp-machines.com\/de\/kontakt\/\" title=\"Kontakt\" target=\"_self\">Kontakt<\/a><\/div>\n<\/div><\/div><\/div><\/div><\/div><\/div><\/div><\/div>\n","protected":false},"excerpt":{"rendered":"Dumper 7 tonnen Der brandneue Dumper VRP-MBA D170 wurde entwickelt, um die Stabilit\u00e4t und den Komfort des Fahrers zu verbessern und gleichzeitig die h\u00e4rtesten Aufgaben mit einem robusten und zuverl\u00e4ssigen Yanmar-Motor in Kombination mit einem hydrostatischen Allradantrieb bei dem sich &hellip;","protected":false},"author":2,"featured_media":0,"parent":15625,"menu_order":2,"comment_status":"closed","ping_status":"closed","template":"","meta":{"footnotes":""},"class_list":["post-15412","page","type-page","status-publish","hentry"],"_links":{"self":[{"href":"https:\/\/vrp-machines.com\/de\/wp-json\/wp\/v2\/pages\/15412","targetHints":{"allow":["GET"]}}],"collection":[{"href":"https:\/\/vrp-machines.com\/de\/wp-json\/wp\/v2\/pages"}],"about":[{"href":"https:\/\/vrp-machines.com\/de\/wp-json\/wp\/v2\/types\/page"}],"author":[{"embeddable":true,"href":"https:\/\/vrp-machines.com\/de\/wp-json\/wp\/v2\/users\/2"}],"replies":[{"embeddable":true,"href":"https:\/\/vrp-machines.com\/de\/wp-json\/wp\/v2\/comments?post=15412"}],"version-history":[{"count":35,"href":"https:\/\/vrp-machines.com\/de\/wp-json\/wp\/v2\/pages\/15412\/revisions"}],"predecessor-version":[{"id":15641,"href":"https:\/\/vrp-machines.com\/de\/wp-json\/wp\/v2\/pages\/15412\/revisions\/15641"}],"up":[{"embeddable":true,"href":"https:\/\/vrp-machines.com\/de\/wp-json\/wp\/v2\/pages\/15625"}],"wp:attachment":[{"href":"https:\/\/vrp-machines.com\/de\/wp-json\/wp\/v2\/media?parent=15412"}],"curies":[{"name":"wp","href":"https:\/\/api.w.org\/{rel}","templated":true}]}}