{"id":15643,"date":"2023-10-18T13:59:58","date_gmt":"2023-10-18T11:59:58","guid":{"rendered":"https:\/\/vrp-machines.com\/?page_id=15643"},"modified":"2023-10-18T14:00:08","modified_gmt":"2023-10-18T12:00:08","slug":"dumper-vrp-mba-d170-3v","status":"publish","type":"page","link":"https:\/\/vrp-machines.com\/de\/dumpers\/dumper-vrp-mba-d170-3v\/","title":{"rendered":"Dumper VRP-MBA D170 3V"},"content":{"rendered":"<div class=\"vc_row wpb_row vc_row-fluid\"><div class=\"wpb_column vc_column_container vc_col-md-12\"><div class=\"vc_column-inner\"><div class=\"wpb_wrapper\"><\/p>\n<div class=\"vc_empty_space\"   style=\"height: 32px\"><span class=\"vc_empty_space_inner\"><\/span><\/div>\n<p><\/div><\/div><\/div><\/div><div class=\"vc_row wpb_row vc_row-fluid\"><div class=\"wpb_column vc_column_container vc_col-md-12\"><div class=\"vc_column-inner\"><div class=\"wpb_wrapper\"><h2 style=\"text-align: left\" class=\"vc_custom_heading title\" >Dumper VRP-MBA D170 3V \u2013 Drehbarer Farhrerstand <\/h2><div class=\"vc_empty_space\"   style=\"height: 20px\"><span class=\"vc_empty_space_inner\"><\/span><\/div><\/div><\/div><\/div><\/div><div class=\"vc_row wpb_row vc_row-fluid\"><div class=\"wpb_column vc_column_container vc_col-md-6\"><div class=\"vc_column-inner\"><div class=\"wpb_wrapper\">\n\t<div class=\"wpb_text_column wpb_content_element \" >\n\t\t<div class=\"wpb_wrapper\">\n\t\t\t<p class=\"p1\"><span class=\"s1\">Der brandneue <b>Dumper <\/b><\/span><span class=\"s2\"><b>VRP-MBA D170<\/b><\/span><span class=\"s1\"><b> 3V \u2013 mir drehbarem Fahrerstand<\/b> wurde entwickelt, um die Stabilit\u00e4t und den Komfort des Fahrers zu verbessern. Dank robustem und zuverl\u00e4ssigem Perkins-Motor in Kombination mit einem hydrostatischen Allradantrieb mit zwei Geschwindigkeiten ist der Dumper f\u00fcr schwierigste Aufgaben ger\u00fcstet. Die um 180\u00b0 schwenkbare Mulde ist auf einem verst\u00e4rktem Lager montiert, was maximale Leistung im dreiseitigen Sch\u00fcttbereich gew\u00e4hrleistet. Der Fahrerstand ist mit einem gefederten Grammer-Sitz mit Armlehnen ausgestattet und serienm\u00e4\u00dfig mit einem Einhand-Joystick kombiniert.<span class=\"Apple-converted-space\">\u00a0<\/span><\/span><\/p>\n<p class=\"p1\"><span class=\"s1\">Die Frontkamera erm\u00f6glicht es dem Fahrer, sich effizienter und sicherer auf der Strasse und im Gel\u00e4nde zu bewegen.<\/span><\/p>\n\n\t\t<\/div>\n\t<\/div>\n<\/div><\/div><\/div><div class=\"wpb_column vc_column_container vc_col-md-6\"><div class=\"vc_column-inner\"><div class=\"wpb_wrapper\"><div class=\"wpb_gallery wpb_content_element vc_clearfix\" ><div class=\"wpb_wrapper\"><div class=\"wpb_gallery_slides wpb_flexslider flexslider_slide flexslider\" data-interval=\"3\" data-flex_fx=\"slide\"><ul class=\"slides\"><li><a class=\"\" href=\"https:\/\/vrp-machines.com\/new\/wp-content\/uploads\/2023\/05\/3V70_back-1024x768.jpg\" data-lightbox=\"lightbox[rel-15643-909276760]\"><img decoding=\"async\" width=\"1280\" height=\"960\" src=\"https:\/\/vrp-machines.com\/new\/wp-content\/uploads\/2023\/05\/3V70_back.jpg\" class=\"attachment-full\" alt=\"\" title=\"3V70_back\" srcset=\"https:\/\/vrp-machines.com\/new\/wp-content\/uploads\/2023\/05\/3V70_back.jpg 1280w, https:\/\/vrp-machines.com\/new\/wp-content\/uploads\/2023\/05\/3V70_back-300x225.jpg 300w, https:\/\/vrp-machines.com\/new\/wp-content\/uploads\/2023\/05\/3V70_back-1024x768.jpg 1024w, https:\/\/vrp-machines.com\/new\/wp-content\/uploads\/2023\/05\/3V70_back-768x576.jpg 768w, https:\/\/vrp-machines.com\/new\/wp-content\/uploads\/2023\/05\/3V70_back-280x210.jpg 280w\" sizes=\"(max-width: 1280px) 100vw, 1280px\" \/><\/a><\/li><li><a class=\"\" href=\"https:\/\/vrp-machines.com\/new\/wp-content\/uploads\/2023\/05\/3V70_front-1024x768.jpg\" data-lightbox=\"lightbox[rel-15643-909276760]\"><img decoding=\"async\" width=\"1280\" height=\"960\" src=\"https:\/\/vrp-machines.com\/new\/wp-content\/uploads\/2023\/05\/3V70_front.jpg\" class=\"attachment-full\" alt=\"\" title=\"3V70_front\" srcset=\"https:\/\/vrp-machines.com\/new\/wp-content\/uploads\/2023\/05\/3V70_front.jpg 1280w, https:\/\/vrp-machines.com\/new\/wp-content\/uploads\/2023\/05\/3V70_front-300x225.jpg 300w, https:\/\/vrp-machines.com\/new\/wp-content\/uploads\/2023\/05\/3V70_front-1024x768.jpg 1024w, https:\/\/vrp-machines.com\/new\/wp-content\/uploads\/2023\/05\/3V70_front-768x576.jpg 768w, https:\/\/vrp-machines.com\/new\/wp-content\/uploads\/2023\/05\/3V70_front-280x210.jpg 280w\" sizes=\"(max-width: 1280px) 100vw, 1280px\" \/><\/a><\/li><li><a class=\"\" href=\"https:\/\/vrp-machines.com\/new\/wp-content\/uploads\/2023\/05\/3V70_side-1024x768.jpg\" data-lightbox=\"lightbox[rel-15643-909276760]\"><img decoding=\"async\" width=\"1280\" height=\"960\" src=\"https:\/\/vrp-machines.com\/new\/wp-content\/uploads\/2023\/05\/3V70_side.jpg\" class=\"attachment-full\" alt=\"\" title=\"3V70_side\" srcset=\"https:\/\/vrp-machines.com\/new\/wp-content\/uploads\/2023\/05\/3V70_side.jpg 1280w, https:\/\/vrp-machines.com\/new\/wp-content\/uploads\/2023\/05\/3V70_side-300x225.jpg 300w, https:\/\/vrp-machines.com\/new\/wp-content\/uploads\/2023\/05\/3V70_side-1024x768.jpg 1024w, https:\/\/vrp-machines.com\/new\/wp-content\/uploads\/2023\/05\/3V70_side-768x576.jpg 768w, https:\/\/vrp-machines.com\/new\/wp-content\/uploads\/2023\/05\/3V70_side-280x210.jpg 280w\" sizes=\"(max-width: 1280px) 100vw, 1280px\" \/><\/a><\/li><\/ul><\/div><\/div><\/div><div class=\"vc_row wpb_row vc_inner vc_row-fluid\"><div class=\"wpb_column vc_column_container vc_col-md-6\"><div class=\"vc_column-inner\"><div class=\"wpb_wrapper\"><div class=\"vc_btn3-container vc_btn3-center\"><a class=\"btn btn-dark\" href=\"https:\/\/vrp-machines.com\/new\/wp-content\/uploads\/2023\/06\/VRP-MBA-Flyer-D1703V-WEB-DE-230608.pdf\" title=\"\" target=\"_blank\"><i class=\"vc_btn3-icon fas fa-file-download\"><\/i> Datenblatt<\/a><\/div>\n<\/div><\/div><\/div><div class=\"wpb_column vc_column_container vc_col-md-6\"><div class=\"vc_column-inner\"><div class=\"wpb_wrapper\"><div class=\"vc_btn3-container vc_btn3-center\"><a class=\"btn btn-dark\" href=\"https:\/\/vrp-machines.com\/de\/kontakt\/\" title=\"Kontakt\" target=\"_self\">Kontakt<\/a><\/div>\n<\/div><\/div><\/div><\/div><\/div><\/div><\/div><\/div>\n","protected":false},"excerpt":{"rendered":"Dumper VRP-MBA D170 3V \u2013 Drehbarer Farhrerstand Der brandneue Dumper VRP-MBA D170 3V \u2013 mir drehbarem Fahrerstand wurde entwickelt, um die Stabilit\u00e4t und den Komfort des Fahrers zu verbessern. Dank robustem und zuverl\u00e4ssigem Perkins-Motor in Kombination mit einem hydrostatischen Allradantrieb &hellip;","protected":false},"author":2,"featured_media":0,"parent":15625,"menu_order":2,"comment_status":"closed","ping_status":"closed","template":"","meta":{"footnotes":""},"class_list":["post-15643","page","type-page","status-publish","hentry"],"_links":{"self":[{"href":"https:\/\/vrp-machines.com\/de\/wp-json\/wp\/v2\/pages\/15643","targetHints":{"allow":["GET"]}}],"collection":[{"href":"https:\/\/vrp-machines.com\/de\/wp-json\/wp\/v2\/pages"}],"about":[{"href":"https:\/\/vrp-machines.com\/de\/wp-json\/wp\/v2\/types\/page"}],"author":[{"embeddable":true,"href":"https:\/\/vrp-machines.com\/de\/wp-json\/wp\/v2\/users\/2"}],"replies":[{"embeddable":true,"href":"https:\/\/vrp-machines.com\/de\/wp-json\/wp\/v2\/comments?post=15643"}],"version-history":[{"count":8,"href":"https:\/\/vrp-machines.com\/de\/wp-json\/wp\/v2\/pages\/15643\/revisions"}],"predecessor-version":[{"id":15827,"href":"https:\/\/vrp-machines.com\/de\/wp-json\/wp\/v2\/pages\/15643\/revisions\/15827"}],"up":[{"embeddable":true,"href":"https:\/\/vrp-machines.com\/de\/wp-json\/wp\/v2\/pages\/15625"}],"wp:attachment":[{"href":"https:\/\/vrp-machines.com\/de\/wp-json\/wp\/v2\/media?parent=15643"}],"curies":[{"name":"wp","href":"https:\/\/api.w.org\/{rel}","templated":true}]}}