{"id":15792,"date":"2023-10-30T13:53:29","date_gmt":"2023-10-30T12:53:29","guid":{"rendered":"https:\/\/vrp-machines.com\/?page_id=15792"},"modified":"2023-10-30T13:56:32","modified_gmt":"2023-10-30T12:56:32","slug":"reparatur-und-unterstuetzung","status":"publish","type":"page","link":"https:\/\/vrp-machines.com\/de\/hydraulik\/reparatur-und-unterstuetzung\/","title":{"rendered":"Reparatur und Unterst\u00fctzung"},"content":{"rendered":"<div class=\"vc_row wpb_row vc_row-fluid\"><div class=\"wpb_column vc_column_container vc_col-md-12\"><div class=\"vc_column-inner\"><div class=\"wpb_wrapper\"><h2 style=\"text-align: left\" class=\"vc_custom_heading title\" >Reparatur und Unterst\u00fctzung<\/h2><div class=\"vc_empty_space\"   style=\"height: 20px\"><span class=\"vc_empty_space_inner\"><\/span><\/div><\/div><\/div><\/div><\/div><div class=\"vc_row wpb_row vc_row-fluid\"><div class=\"wpb_column vc_column_container vc_col-md-6\"><div class=\"vc_column-inner\"><div class=\"wpb_wrapper\">\n\t<div class=\"wpb_text_column wpb_content_element \" >\n\t\t<div class=\"wpb_wrapper\">\n\t\t\t<p>\nWeil Ihre Zeit kostbar ist: 15 Busse und 15 qualifizierte, erfahrene Hydrauliktechniker sind st\u00e4ndig vor Ort, ganz in der N\u00e4he der Kundenbed\u00fcrfnisse!<\/p>\n<p>Kompetenz, Fachwissen, N\u00e4he, Flexibilit\u00e4t, Verf\u00fcgbarkeit, Schnelligkeit, all das, um den Anforderungen auf Baustellen so nahe wie m\u00f6glich und in Rekordzeit gerecht zu werden. VRP\/MBA-Machines hat einen Service von mobilen Werkst\u00e4tten f\u00fcr Vor-Ort-Eins\u00e4tze entwickelt.<\/p>\n<p>Das Konzept ist \u00e4u\u00dferst effizient und sehr gesch\u00e4tzt: Parkerstore Hose Doctor ist ein voll ausgestatteter mobiler Hydraulikwerkstatt-Bus mit Schl\u00e4uchen bis zu 1 1\/4 Zoll, Anschl\u00fcssen, Adaptern und anderen erforderlichen Zubeh\u00f6rteilen f\u00fcr die Wartung und technische Unterst\u00fctzung auf Baustellen zu jeder Tageszeit.<\/p>\n\n\t\t<\/div>\n\t<\/div>\n<div class=\"vc_row wpb_row vc_inner vc_row-fluid\"><div class=\"wpb_column vc_column_container vc_col-md-3\"><div class=\"vc_column-inner\"><div class=\"wpb_wrapper\">\n\t<div  class=\"wpb_single_image wpb_content_element vc_align_left\">\n\t\t\n\t\t<figure class=\"wpb_wrapper vc_figure\">\n\t\t\t<div class=\"vc_single_image-wrapper   vc_box_border_grey\"><img decoding=\"async\" width=\"1133\" height=\"439\" src=\"https:\/\/vrp-machines.com\/new\/wp-content\/uploads\/2023\/10\/VRP-HYDRAULICS-1.svg\" class=\"vc_single_image-img attachment-full\" alt=\"\" title=\"VRP-HYDRAULICS\" \/><\/div>\n\t\t<\/figure>\n\t<\/div>\n<\/div><\/div><\/div><div class=\"wpb_column vc_column_container vc_col-md-9\"><div class=\"vc_column-inner\"><div class=\"wpb_wrapper\">\n\t<div class=\"wpb_text_column wpb_content_element \" >\n\t\t<div class=\"wpb_wrapper\">\n\t\t\t<p>\n<strong>Rufen Sie unter 044 838 61 11<\/strong>\u00a0an, und unsere qualifizierten Hydrauliktechniker werden so schnell wie m\u00f6glich Ihren Einsatz planen. Dieser umfasst ein sehr wettbewerbsf\u00e4higes Pauschalangebot von <strong>CHF 178.-<\/strong> (exkl. MwSt.) und beinhaltet:<\/p>\n<ul>\n<li>An- und Abreisezeit sowie die Hin- und R\u00fcckfahrtkilometer zur Baustelle.<\/li>\n<li>Herstellungszeit des Schlauchs und zus\u00e4tzliches Material.<\/li>\n<\/ul>\n\n\t\t<\/div>\n\t<\/div>\n<\/div><\/div><\/div><\/div><div class=\"panel-group panel-icon-plus panel-icon-align-left panel-shape-rounded\" id=\"accordion-0\" role=\"tablist\" aria-multiselectable=\"true\"><div class=\"panel\" style=\"\"><div class=\"panel-heading\" role=\"tab\" id=\"acc-heading-1659701298922-a5fc3506-6ac0\"><h4 class=\"panel-title text-left small-margin\"><a  class=\" collapsed\" role=\"button\" data-toggle=\"collapse\" href=\"#acc-1659701298922-a5fc3506-6ac0\" aria-expanded=\"true\" aria-controls=\"acc-1659701298922-a5fc3506-6ac0\"><span>Deine Vorteile?<\/span><\/a><\/h4><\/div><div id=\"acc-1659701298922-a5fc3506-6ac0\" class=\"panel-collapse collapse\" role=\"tabpanel\" aria-labelledby=\"acc-heading-1659701298922-a5fc3506-6ac0\"><div class=\"panel-body\">\n\t<div class=\"wpb_text_column wpb_content_element \" >\n\t\t<div class=\"wpb_wrapper\">\n\t\t\t<ul>\n<li>Ein qualifizierter Hydrauliktechniker, der eine schnelle und umfassende Reparatur garantiert, Gleiche Preise wie im Laden, Weniger Ausfallzeit<\/li>\n<li>Ihrer Maschine, Eine Partnerschaft mit Ihren<\/li>\n<li>Mechanikern, Die M\u00f6glichkeit des Demontage und<\/li>\n<li>Wiedermontage, entweder durch Sie selbst oder durch unsere Techniker, zu einem stundenweisen Tarif.<\/li>\n<\/ul>\n\n\t\t<\/div>\n\t<\/div>\n<\/div><\/div><\/div><\/div><div class=\"vc_empty_space\"   style=\"height: 40px\"><span class=\"vc_empty_space_inner\"><\/span><\/div><\/div><\/div><\/div><div class=\"wpb_column vc_column_container vc_col-md-6\"><div class=\"vc_column-inner\"><div class=\"wpb_wrapper\"><div class=\"gallery-fs\"><figure><img decoding=\"async\" src=\"https:\/\/vrp-machines.com\/new\/wp-content\/uploads\/2021\/02\/visuel-HYDRAULIQUE_722x368px.jpg\" alt=\"\"><figcaption><\/figcaption><\/figure><div class=\"gallery-fs-nav\"><button class=\"gallery-fs-fullscreen\"><i class=\"fa fa-arrows-alt\"><\/i><\/button><\/div><div class=\"gallery-fs-thumbnails gallery-fs-thumbnails-col-5 owl-carousel\"><a href='https:\/\/vrp-machines.com\/new\/wp-content\/uploads\/2021\/02\/visuel-HYDRAULIQUE_722x368px.jpg' data-caption='' title='' class=\"selected\"><img decoding=\"async\" width=\"280\" height=\"210\" src=\"https:\/\/vrp-machines.com\/new\/wp-content\/uploads\/2021\/02\/visuel-HYDRAULIQUE_722x368px-280x210.jpg\" class=\"attachment-anps-gallery-thumb size-anps-gallery-thumb\" alt=\"\" \/><\/a><a href='https:\/\/vrp-machines.com\/new\/wp-content\/uploads\/2014\/05\/image-030.jpg' data-caption='' title=''><img decoding=\"async\" width=\"280\" height=\"210\" src=\"https:\/\/vrp-machines.com\/new\/wp-content\/uploads\/2014\/05\/image-030-280x210.jpg\" class=\"attachment-anps-gallery-thumb size-anps-gallery-thumb\" alt=\"\" \/><\/a><a href='https:\/\/vrp-machines.com\/new\/wp-content\/uploads\/2014\/05\/image-029.jpg' data-caption='' title=''><img decoding=\"async\" width=\"280\" height=\"210\" src=\"https:\/\/vrp-machines.com\/new\/wp-content\/uploads\/2014\/05\/image-029-280x210.jpg\" class=\"attachment-anps-gallery-thumb size-anps-gallery-thumb\" alt=\"\" \/><\/a><a href='https:\/\/vrp-machines.com\/new\/wp-content\/uploads\/2014\/05\/image-028.jpg' data-caption='' title=''><img decoding=\"async\" width=\"280\" height=\"210\" src=\"https:\/\/vrp-machines.com\/new\/wp-content\/uploads\/2014\/05\/image-028-280x210.jpg\" class=\"attachment-anps-gallery-thumb size-anps-gallery-thumb\" alt=\"\" \/><\/a><a href='https:\/\/vrp-machines.com\/new\/wp-content\/uploads\/2014\/05\/image-027.jpg' data-caption='' title=''><img decoding=\"async\" width=\"280\" height=\"210\" src=\"https:\/\/vrp-machines.com\/new\/wp-content\/uploads\/2014\/05\/image-027-280x210.jpg\" class=\"attachment-anps-gallery-thumb size-anps-gallery-thumb\" alt=\"\" \/><\/a><a href='https:\/\/vrp-machines.com\/new\/wp-content\/uploads\/2014\/05\/image-026.jpg' data-caption='' title=''><img decoding=\"async\" width=\"280\" height=\"210\" src=\"https:\/\/vrp-machines.com\/new\/wp-content\/uploads\/2014\/05\/image-026-280x210.jpg\" class=\"attachment-anps-gallery-thumb size-anps-gallery-thumb\" alt=\"\" \/><\/a><a href='https:\/\/vrp-machines.com\/new\/wp-content\/uploads\/2014\/05\/image-025.jpg' data-caption='' title=''><img decoding=\"async\" width=\"280\" height=\"210\" src=\"https:\/\/vrp-machines.com\/new\/wp-content\/uploads\/2014\/05\/image-025-280x210.jpg\" class=\"attachment-anps-gallery-thumb size-anps-gallery-thumb\" alt=\"\" \/><\/a><a href='https:\/\/vrp-machines.com\/new\/wp-content\/uploads\/2014\/05\/image-024.jpg' data-caption='' title=''><img decoding=\"async\" width=\"280\" height=\"210\" src=\"https:\/\/vrp-machines.com\/new\/wp-content\/uploads\/2014\/05\/image-024-280x210.jpg\" class=\"attachment-anps-gallery-thumb size-anps-gallery-thumb\" alt=\"\" \/><\/a><a href='https:\/\/vrp-machines.com\/new\/wp-content\/uploads\/2014\/05\/image-023.jpg' data-caption='' title=''><img decoding=\"async\" width=\"280\" height=\"210\" src=\"https:\/\/vrp-machines.com\/new\/wp-content\/uploads\/2014\/05\/image-023-280x210.jpg\" class=\"attachment-anps-gallery-thumb size-anps-gallery-thumb\" alt=\"\" \/><\/a><a href='https:\/\/vrp-machines.com\/new\/wp-content\/uploads\/2014\/05\/image-022.jpg' data-caption='' title=''><img decoding=\"async\" width=\"280\" height=\"210\" src=\"https:\/\/vrp-machines.com\/new\/wp-content\/uploads\/2014\/05\/image-022-280x210.jpg\" class=\"attachment-anps-gallery-thumb size-anps-gallery-thumb\" alt=\"\" \/><\/a><a href='https:\/\/vrp-machines.com\/new\/wp-content\/uploads\/2014\/05\/image-021.jpg' data-caption='' title=''><img decoding=\"async\" width=\"280\" height=\"210\" src=\"https:\/\/vrp-machines.com\/new\/wp-content\/uploads\/2014\/05\/image-021-280x210.jpg\" class=\"attachment-anps-gallery-thumb size-anps-gallery-thumb\" alt=\"\" \/><\/a><a href='https:\/\/vrp-machines.com\/new\/wp-content\/uploads\/2014\/05\/image-020.jpg' data-caption='' title=''><img decoding=\"async\" width=\"280\" height=\"210\" src=\"https:\/\/vrp-machines.com\/new\/wp-content\/uploads\/2014\/05\/image-020-280x210.jpg\" class=\"attachment-anps-gallery-thumb size-anps-gallery-thumb\" alt=\"\" \/><\/a><a href='https:\/\/vrp-machines.com\/new\/wp-content\/uploads\/2014\/05\/image-019.jpg' data-caption='' title=''><img decoding=\"async\" width=\"280\" height=\"210\" src=\"https:\/\/vrp-machines.com\/new\/wp-content\/uploads\/2014\/05\/image-019-280x210.jpg\" class=\"attachment-anps-gallery-thumb size-anps-gallery-thumb\" alt=\"\" \/><\/a><a href='https:\/\/vrp-machines.com\/new\/wp-content\/uploads\/2014\/05\/image-018.jpg' data-caption='' title=''><img decoding=\"async\" width=\"280\" height=\"210\" src=\"https:\/\/vrp-machines.com\/new\/wp-content\/uploads\/2014\/05\/image-018-280x210.jpg\" class=\"attachment-anps-gallery-thumb size-anps-gallery-thumb\" alt=\"\" \/><\/a><a href='https:\/\/vrp-machines.com\/new\/wp-content\/uploads\/2014\/05\/image-017.jpg' data-caption='image-017' title='image-017'><img decoding=\"async\" width=\"280\" height=\"210\" src=\"https:\/\/vrp-machines.com\/new\/wp-content\/uploads\/2014\/05\/image-017-280x210.jpg\" class=\"attachment-anps-gallery-thumb size-anps-gallery-thumb\" alt=\"\" \/><\/a><a href='https:\/\/vrp-machines.com\/new\/wp-content\/uploads\/2014\/05\/image-016.jpg' data-caption='image-016' title='image-016'><img decoding=\"async\" width=\"280\" height=\"210\" src=\"https:\/\/vrp-machines.com\/new\/wp-content\/uploads\/2014\/05\/image-016-280x210.jpg\" class=\"attachment-anps-gallery-thumb size-anps-gallery-thumb\" alt=\"\" \/><\/a><a href='https:\/\/vrp-machines.com\/new\/wp-content\/uploads\/2014\/05\/image-015.jpg' data-caption='' title=''><img decoding=\"async\" width=\"280\" height=\"210\" src=\"https:\/\/vrp-machines.com\/new\/wp-content\/uploads\/2014\/05\/image-015-280x210.jpg\" class=\"attachment-anps-gallery-thumb size-anps-gallery-thumb\" alt=\"\" \/><\/a><a href='https:\/\/vrp-machines.com\/new\/wp-content\/uploads\/2014\/05\/image-014.jpg' data-caption='image-014' title='image-014'><img decoding=\"async\" width=\"280\" height=\"210\" src=\"https:\/\/vrp-machines.com\/new\/wp-content\/uploads\/2014\/05\/image-014-280x210.jpg\" class=\"attachment-anps-gallery-thumb size-anps-gallery-thumb\" alt=\"\" \/><\/a><\/div><\/div><\/div><\/div><\/div><\/div><div class=\"vc_row wpb_row vc_row-fluid vc_row-o-content-middle vc_row-flex\"><div class=\"wpb_column vc_column_container vc_col-md-4\"><div class=\"vc_column-inner\"><div class=\"wpb_wrapper\"><div class=\"vc_btn3-container vc_btn3-center\"><a class=\"btn btn-normal\" href=\"https:\/\/vrp-machines.com\/de\/hydraulik\/herstellung-und-wartung-von-hydraulikzylindern-aller-marken\/\" title=\"Herstellung und \u00dcberholung von Hydraulikzylindern\" target=\"_self\">Herstellung und \u00dcberholung von Hydraulikzylindern<\/a><\/div>\n<\/div><\/div><\/div><div class=\"wpb_column vc_column_container vc_col-md-4\"><div class=\"vc_column-inner\"><div class=\"wpb_wrapper\"><div class=\"vc_btn3-container vc_btn3-center\"><a class=\"btn btn-normal\" href=\"https:\/\/vrp-machines.com\/de\/hydraulik\/parker-hydraulikkomponenten-aller-marken\/\" title=\"Parker \u2013 Hydraulikkomponenten aller Marken\" target=\"_self\">Parker-Komponenten<\/a><\/div>\n<\/div><\/div><\/div><div class=\"wpb_column vc_column_container vc_col-md-4\"><div class=\"vc_column-inner\"><div class=\"wpb_wrapper\"><div class=\"vc_btn3-container vc_btn3-center\"><a class=\"btn btn-normal\" href=\"https:\/\/vrp-machines.com\/de\/hydraulik\/hydraulikanlagen\/\" title=\"Hydraulikanlagen\" target=\"_self\">Hydraulikanlagen<\/a><\/div>\n<\/div><\/div><\/div><\/div>\n","protected":false},"excerpt":{"rendered":"Reparatur und Unterst\u00fctzung Weil Ihre Zeit kostbar ist: 15 Busse und 15 qualifizierte, erfahrene Hydrauliktechniker sind st\u00e4ndig vor Ort, ganz in der N\u00e4he der Kundenbed\u00fcrfnisse! Kompetenz, Fachwissen, N\u00e4he, Flexibilit\u00e4t, Verf\u00fcgbarkeit, Schnelligkeit, all das, um den Anforderungen auf Baustellen so nahe &hellip;","protected":false},"author":1,"featured_media":0,"parent":14236,"menu_order":3,"comment_status":"closed","ping_status":"open","template":"","meta":{"footnotes":""},"class_list":["post-15792","page","type-page","status-publish","hentry"],"_links":{"self":[{"href":"https:\/\/vrp-machines.com\/de\/wp-json\/wp\/v2\/pages\/15792","targetHints":{"allow":["GET"]}}],"collection":[{"href":"https:\/\/vrp-machines.com\/de\/wp-json\/wp\/v2\/pages"}],"about":[{"href":"https:\/\/vrp-machines.com\/de\/wp-json\/wp\/v2\/types\/page"}],"author":[{"embeddable":true,"href":"https:\/\/vrp-machines.com\/de\/wp-json\/wp\/v2\/users\/1"}],"replies":[{"embeddable":true,"href":"https:\/\/vrp-machines.com\/de\/wp-json\/wp\/v2\/comments?post=15792"}],"version-history":[{"count":13,"href":"https:\/\/vrp-machines.com\/de\/wp-json\/wp\/v2\/pages\/15792\/revisions"}],"predecessor-version":[{"id":15851,"href":"https:\/\/vrp-machines.com\/de\/wp-json\/wp\/v2\/pages\/15792\/revisions\/15851"}],"up":[{"embeddable":true,"href":"https:\/\/vrp-machines.com\/de\/wp-json\/wp\/v2\/pages\/14236"}],"wp:attachment":[{"href":"https:\/\/vrp-machines.com\/de\/wp-json\/wp\/v2\/media?parent=15792"}],"curies":[{"name":"wp","href":"https:\/\/api.w.org\/{rel}","templated":true}]}}