{"id":15977,"date":"2024-02-23T16:03:31","date_gmt":"2024-02-23T15:03:31","guid":{"rendered":"https:\/\/vrp-machines.com\/?page_id=15977"},"modified":"2024-02-26T16:27:44","modified_gmt":"2024-02-26T15:27:44","slug":"elektrischen-baumaschinen","status":"publish","type":"page","link":"https:\/\/vrp-machines.com\/de\/elektrischen-baumaschinen\/","title":{"rendered":"Elektrischen Baumaschinen"},"content":{"rendered":"<div class=\"vc_row wpb_row vc_row-fluid vc_custom_1708939534049\"><div class=\"wpb_column vc_column_container vc_col-md-6\"><div class=\"vc_column-inner vc_custom_1708939574722\"><div class=\"wpb_wrapper\"><div class=\"vc_empty_space\"   style=\"height: 20px\"><span class=\"vc_empty_space_inner\"><\/span><\/div><h1 style=\"text-align: left\" class=\"vc_custom_heading title\" >Unterst\u00fctzungsbeitrag<\/h1>\n\t<div class=\"wpb_text_column wpb_content_element \" >\n\t\t<div class=\"wpb_wrapper\">\n\t\t\t<h3>Beispiel f\u00fcr die Berechnung<\/h3>\n<p>eines Subvention f\u00fcr 1 Raupenbagger 1,5 to mit 500 BS pro Jahr.<\/p>\n\n\t\t<\/div>\n\t<\/div>\n\n\t<div  class=\"wpb_single_image wpb_content_element vc_align_left\">\n\t\t\n\t\t<figure class=\"wpb_wrapper vc_figure\">\n\t\t\t<div class=\"vc_single_image-wrapper   vc_box_border_grey\"><img decoding=\"async\" width=\"1246\" height=\"2024\" src=\"https:\/\/vrp-machines.com\/new\/wp-content\/uploads\/2024\/02\/Capture-decran-2024-02-23-a-16.11.12.png\" class=\"vc_single_image-img attachment-full\" alt=\"\" title=\"Capture d\u2019e\u0301cran 2024-02-23 a\u0300 16.11.12\" srcset=\"https:\/\/vrp-machines.com\/new\/wp-content\/uploads\/2024\/02\/Capture-decran-2024-02-23-a-16.11.12.png 1246w, https:\/\/vrp-machines.com\/new\/wp-content\/uploads\/2024\/02\/Capture-decran-2024-02-23-a-16.11.12-185x300.png 185w, https:\/\/vrp-machines.com\/new\/wp-content\/uploads\/2024\/02\/Capture-decran-2024-02-23-a-16.11.12-630x1024.png 630w, https:\/\/vrp-machines.com\/new\/wp-content\/uploads\/2024\/02\/Capture-decran-2024-02-23-a-16.11.12-768x1248.png 768w, https:\/\/vrp-machines.com\/new\/wp-content\/uploads\/2024\/02\/Capture-decran-2024-02-23-a-16.11.12-946x1536.png 946w\" sizes=\"(max-width: 1246px) 100vw, 1246px\" \/><\/div>\n\t\t<\/figure>\n\t<\/div>\n<div class=\"vc_btn3-container vc_btn3-inline\"><a class=\"btn btn-normal\" href=\"https:\/\/www.klik.ch\/schweiz\/verkehr\/e-baufahrzeuge\/foerderung\" title=\"\" target=\"_blank\">Beitragsanfrage<\/a><\/div>\n<\/div><\/div><\/div><div class=\"wpb_column vc_column_container vc_col-md-6\"><div class=\"vc_column-inner\"><div class=\"wpb_wrapper\"><div class=\"vc_empty_space\"   style=\"height: 20px\"><span class=\"vc_empty_space_inner\"><\/span><\/div><h1 style=\"text-align: left\" class=\"vc_custom_heading title\" >Elektrischen Baumaschinen<\/h1>\n\t<div class=\"wpb_text_column wpb_content_element \" >\n\t\t<div class=\"wpb_wrapper\">\n\t\t\t<h3>Elektrobagger CX15EV<\/h3>\n\n\t\t<\/div>\n\t<\/div>\n\n\t<div  class=\"wpb_single_image wpb_content_element vc_align_left\">\n\t\t\n\t\t<figure class=\"wpb_wrapper vc_figure\">\n\t\t\t<div class=\"vc_single_image-wrapper   vc_box_border_grey\"><img decoding=\"async\" width=\"2560\" height=\"2560\" src=\"https:\/\/vrp-machines.com\/new\/wp-content\/uploads\/2024\/02\/CA_CX15EV_R_F0000_00-e1708939201414.png\" class=\"vc_single_image-img attachment-full\" alt=\"\" title=\"CA_CX15EV_R_F0000_00\" \/><\/div>\n\t\t<\/figure>\n\t<\/div>\n<div class=\"vc_btn3-container vc_btn3-inline\"><a class=\"btn btn-normal\" href=\"https:\/\/www.casece.com\/de-de\/europe\/produkte\/bagger\/minibagger-serie-d\/cx15ev\" title=\"\" target=\"_blank\">Mehr erfahren<\/a><\/div>\n<\/div><\/div><\/div><\/div><div class=\"vc_row wpb_row vc_row-fluid\"><div class=\"wpb_column vc_column_container vc_col-md-6\"><div class=\"vc_column-inner\"><div class=\"wpb_wrapper\"><\/div><\/div><\/div><\/div><div class=\"vc_row wpb_row vc_row-fluid\"><div class=\"wpb_column vc_column_container vc_col-md-12\"><div class=\"vc_column-inner\"><div class=\"wpb_wrapper\"><\/div><\/div><\/div><\/div>\n","protected":false},"excerpt":{"rendered":"Unterst\u00fctzungsbeitrag Beispiel f\u00fcr die Berechnung eines Subvention f\u00fcr 1 Raupenbagger 1,5 to mit 500 BS pro Jahr. Beitragsanfrage Elektrischen Baumaschinen Elektrobagger CX15EV Mehr erfahren","protected":false},"author":2,"featured_media":0,"parent":0,"menu_order":2,"comment_status":"closed","ping_status":"closed","template":"","meta":{"footnotes":""},"class_list":["post-15977","page","type-page","status-publish","hentry"],"_links":{"self":[{"href":"https:\/\/vrp-machines.com\/de\/wp-json\/wp\/v2\/pages\/15977","targetHints":{"allow":["GET"]}}],"collection":[{"href":"https:\/\/vrp-machines.com\/de\/wp-json\/wp\/v2\/pages"}],"about":[{"href":"https:\/\/vrp-machines.com\/de\/wp-json\/wp\/v2\/types\/page"}],"author":[{"embeddable":true,"href":"https:\/\/vrp-machines.com\/de\/wp-json\/wp\/v2\/users\/2"}],"replies":[{"embeddable":true,"href":"https:\/\/vrp-machines.com\/de\/wp-json\/wp\/v2\/comments?post=15977"}],"version-history":[{"count":21,"href":"https:\/\/vrp-machines.com\/de\/wp-json\/wp\/v2\/pages\/15977\/revisions"}],"predecessor-version":[{"id":16013,"href":"https:\/\/vrp-machines.com\/de\/wp-json\/wp\/v2\/pages\/15977\/revisions\/16013"}],"wp:attachment":[{"href":"https:\/\/vrp-machines.com\/de\/wp-json\/wp\/v2\/media?parent=15977"}],"curies":[{"name":"wp","href":"https:\/\/api.w.org\/{rel}","templated":true}]}}