{"id":16037,"date":"2024-03-01T10:05:51","date_gmt":"2024-03-01T09:05:51","guid":{"rendered":"https:\/\/vrp-machines.com\/?page_id=16037"},"modified":"2024-03-01T10:46:19","modified_gmt":"2024-03-01T09:46:19","slug":"subventionen","status":"publish","type":"page","link":"https:\/\/vrp-machines.com\/de\/elektrischen-baumaschinen\/subventionen\/","title":{"rendered":"Subventionen"},"content":{"rendered":"<div class=\"vc_row wpb_row vc_row-fluid vc_custom_1708939534049\"><div class=\"wpb_column vc_column_container vc_col-md-6\"><div class=\"vc_column-inner vc_custom_1708939574722\"><div class=\"wpb_wrapper\"><div class=\"vc_empty_space\"   style=\"height: 20px\"><span class=\"vc_empty_space_inner\"><\/span><\/div><h1 style=\"text-align: left\" class=\"vc_custom_heading title\" >Unterst\u00fctzungsbeitrag<\/h1>\n\t<div class=\"wpb_text_column wpb_content_element \" >\n\t\t<div class=\"wpb_wrapper\">\n\t\t\t<h3>Beispiel f\u00fcr die Berechnung eines Subvention<\/h3>\n<p>f\u00fcr 1 Raupenbagger 1,5 to mit 500 BS pro Jahr.<\/p>\n\n\t\t<\/div>\n\t<\/div>\n\n\t<div  class=\"wpb_single_image wpb_content_element vc_align_left\">\n\t\t\n\t\t<figure class=\"wpb_wrapper vc_figure\">\n\t\t\t<div class=\"vc_single_image-wrapper   vc_box_border_grey\"><img decoding=\"async\" width=\"1246\" height=\"2024\" src=\"https:\/\/vrp-machines.com\/new\/wp-content\/uploads\/2024\/02\/Capture-decran-2024-02-23-a-16.11.12.png\" class=\"vc_single_image-img attachment-full\" alt=\"\" title=\"Capture d\u2019e\u0301cran 2024-02-23 a\u0300 16.11.12\" srcset=\"https:\/\/vrp-machines.com\/new\/wp-content\/uploads\/2024\/02\/Capture-decran-2024-02-23-a-16.11.12.png 1246w, https:\/\/vrp-machines.com\/new\/wp-content\/uploads\/2024\/02\/Capture-decran-2024-02-23-a-16.11.12-185x300.png 185w, https:\/\/vrp-machines.com\/new\/wp-content\/uploads\/2024\/02\/Capture-decran-2024-02-23-a-16.11.12-630x1024.png 630w, https:\/\/vrp-machines.com\/new\/wp-content\/uploads\/2024\/02\/Capture-decran-2024-02-23-a-16.11.12-768x1248.png 768w, https:\/\/vrp-machines.com\/new\/wp-content\/uploads\/2024\/02\/Capture-decran-2024-02-23-a-16.11.12-946x1536.png 946w\" sizes=\"(max-width: 1246px) 100vw, 1246px\" \/><\/div>\n\t\t<\/figure>\n\t<\/div>\n<div class=\"vc_btn3-container vc_btn3-inline\"><a class=\"btn btn-normal\" href=\"https:\/\/www.klik.ch\/schweiz\/verkehr\/e-baufahrzeuge\/foerderung\" title=\"\" target=\"_blank\">Beitragsanfrage<\/a><\/div>\n<\/div><\/div><\/div><div class=\"wpb_column vc_column_container vc_col-md-6\"><div class=\"vc_column-inner\"><div class=\"wpb_wrapper\"><div class=\"vc_empty_space\"   style=\"height: 20px\"><span class=\"vc_empty_space_inner\"><\/span><\/div><h1 style=\"text-align: left\" class=\"vc_custom_heading title\" >Elektrischen Baumaschinen<\/h1><div class=\"vc_empty_space\"   style=\"height: 20px\"><span class=\"vc_empty_space_inner\"><\/span><\/div><div class=\"vc_btn3-container vc_btn3-inline\"><a class=\"btn btn-normal\" href=\"https:\/\/vrp-machines.com\/de\/elektrischen-baumaschinen\/minibagger\/\" title=\"Minibagger\" target=\"_blank\">Minibagger<\/a><\/div>\n<\/div><\/div><\/div><\/div>\n","protected":false},"excerpt":{"rendered":"Unterst\u00fctzungsbeitrag Beispiel f\u00fcr die Berechnung eines Subvention f\u00fcr 1 Raupenbagger 1,5 to mit 500 BS pro Jahr. Beitragsanfrage Elektrischen BaumaschinenMinibagger","protected":false},"author":2,"featured_media":0,"parent":15977,"menu_order":2,"comment_status":"closed","ping_status":"closed","template":"","meta":{"footnotes":""},"class_list":["post-16037","page","type-page","status-publish","hentry"],"_links":{"self":[{"href":"https:\/\/vrp-machines.com\/de\/wp-json\/wp\/v2\/pages\/16037","targetHints":{"allow":["GET"]}}],"collection":[{"href":"https:\/\/vrp-machines.com\/de\/wp-json\/wp\/v2\/pages"}],"about":[{"href":"https:\/\/vrp-machines.com\/de\/wp-json\/wp\/v2\/types\/page"}],"author":[{"embeddable":true,"href":"https:\/\/vrp-machines.com\/de\/wp-json\/wp\/v2\/users\/2"}],"replies":[{"embeddable":true,"href":"https:\/\/vrp-machines.com\/de\/wp-json\/wp\/v2\/comments?post=16037"}],"version-history":[{"count":5,"href":"https:\/\/vrp-machines.com\/de\/wp-json\/wp\/v2\/pages\/16037\/revisions"}],"predecessor-version":[{"id":16052,"href":"https:\/\/vrp-machines.com\/de\/wp-json\/wp\/v2\/pages\/16037\/revisions\/16052"}],"up":[{"embeddable":true,"href":"https:\/\/vrp-machines.com\/de\/wp-json\/wp\/v2\/pages\/15977"}],"wp:attachment":[{"href":"https:\/\/vrp-machines.com\/de\/wp-json\/wp\/v2\/media?parent=16037"}],"curies":[{"name":"wp","href":"https:\/\/api.w.org\/{rel}","templated":true}]}}